{"id":332,"date":"2018-07-16T16:17:48","date_gmt":"2018-07-16T16:17:48","guid":{"rendered":"https:\/\/tischleinfein.com\/about\/"},"modified":"2024-07-23T18:24:34","modified_gmt":"2024-07-23T18:24:34","slug":"about","status":"publish","type":"page","link":"https:\/\/tischleinfein.com\/en\/about\/","title":{"rendered":"\u00dcber uns"},"content":{"rendered":"<div data-elementor-type=\"wp-post\" data-elementor-id=\"332\" class=\"elementor elementor-332\">\n\t\t\t\t\t\t<section class=\"elementor-section elementor-top-section elementor-element elementor-element-223feba elementor-section-boxed elementor-section-height-default elementor-section-height-default\" data-id=\"223feba\" data-element_type=\"section\" data-e-type=\"section\">\n\t\t\t\t\t\t<div class=\"elementor-container elementor-column-gap-default\">\n\t\t\t\t\t<div class=\"elementor-column elementor-col-100 elementor-top-column elementor-element elementor-element-e492f68\" data-id=\"e492f68\" data-element_type=\"column\" data-e-type=\"column\">\n\t\t\t<div class=\"elementor-widget-wrap\">\n\t\t\t\t\t\t\t<\/div>\n\t\t<\/div>\n\t\t\t\t\t<\/div>\n\t\t<\/section>\n\t\t\t\t<section class=\"elementor-section elementor-top-section elementor-element elementor-element-37d93ae elementor-section-boxed elementor-section-height-default elementor-section-height-default\" data-id=\"37d93ae\" data-element_type=\"section\" data-e-type=\"section\">\n\t\t\t\t\t\t<div class=\"elementor-container elementor-column-gap-default\">\n\t\t\t\t\t<div class=\"elementor-column elementor-col-50 elementor-top-column elementor-element elementor-element-4b77ebd\" data-id=\"4b77ebd\" data-element_type=\"column\" data-e-type=\"column\">\n\t\t\t<div class=\"elementor-widget-wrap\">\n\t\t\t\t\t\t\t<\/div>\n\t\t<\/div>\n\t\t\t\t<div class=\"elementor-column elementor-col-50 elementor-top-column elementor-element elementor-element-458f866\" data-id=\"458f866\" data-element_type=\"column\" data-e-type=\"column\">\n\t\t\t<div class=\"elementor-widget-wrap elementor-element-populated\">\n\t\t\t\t\t\t<div class=\"elementor-element elementor-element-dfb842c elementor-widget__width-initial elementor-widget elementor-widget-text-editor\" data-id=\"dfb842c\" data-element_type=\"widget\" data-e-type=\"widget\" data-widget_type=\"text-editor.default\">\n\t\t\t\t<div class=\"elementor-widget-container\">\n\t\t\t\t\t\t\t\t\t<p class=\"font_8 wixui-rich-text__text\" style=\"text-align: center;\">Wir, Annalena und Ann Kristin, lieben es, gemeinsam mit anderen das Leben und die Liebe zu feiern. Als Freundinnen teilen wir sowohl unsere Leidenschaft f\u00fcr Design und Inneneinrichtung als auch den Gedanken der Nachhaltigkeit. Wir lieben au\u00dfergew\u00f6hnliche Dekorationsarrangements, besondere Kleinigkeiten und Einzelst\u00fccke, die Feste zu dem machen, was sie sind.\u00a0<\/p><p style=\"text-align: center;\">Mit Tischleinfein k\u00f6nnen wir unsere Leidenschaften miteinander verbinden. Tischleinfein ist daher mehr als nur ein Verleih von Dekoration und Kleinmobiliar. Es ist eines unserer pers\u00f6nlichen Herzensprojekte. Dabei stimmen wir dem gebr\u00e4uchlichen Sprichwort zu: &#8220;Gl\u00fcck kann man nicht kaufen!&#8221; Deshalb m\u00f6chten wir das Gl\u00fcck an euch verleihen, damit es f\u00fcr einen Moment bei euch verweilen kann, ehe es dann weiterziehen und den N\u00e4chsten fr\u00f6hlich stimmen darf.<\/p>\t\t\t\t\t\t\t\t<\/div>\n\t\t\t\t<\/div>\n\t\t\t\t\t<\/div>\n\t\t<\/div>\n\t\t\t\t\t<\/div>\n\t\t<\/section>\n\t\t\t\t<section class=\"elementor-section elementor-top-section elementor-element elementor-element-2cd8b56 elementor-section-boxed elementor-section-height-default elementor-section-height-default\" data-id=\"2cd8b56\" data-element_type=\"section\" data-e-type=\"section\">\n\t\t\t\t\t\t<div class=\"elementor-container elementor-column-gap-default\">\n\t\t\t\t\t<div class=\"elementor-column elementor-col-50 elementor-top-column elementor-element elementor-element-03a7995\" data-id=\"03a7995\" data-element_type=\"column\" data-e-type=\"column\">\n\t\t\t<div class=\"elementor-widget-wrap elementor-element-populated\">\n\t\t\t\t\t\t<div class=\"elementor-element elementor-element-9d9e0b5 elementor-widget__width-initial elementor-widget elementor-widget-text-editor\" data-id=\"9d9e0b5\" data-element_type=\"widget\" data-e-type=\"widget\" data-widget_type=\"text-editor.default\">\n\t\t\t\t<div class=\"elementor-widget-container\">\n\t\t\t\t\t\t\t\t\t<p>Seit 2020 haben wir nun bereits viele Hochzeiten, Geburtstage und andere Feierlichkeiten mit Dekoration und Kleinmobiliar ausgestattet. Unser Sortiment erweitern wir dabei stetig.<\/p><p>\u00a0<\/p><p>Von Platztellern \u00fcber Lichterketten und Traub\u00f6gen bis hin zu besonderen Getr\u00e4nkebars und gem\u00fctlichen Loungem\u00f6beln findet ihr in unserem Fundus deshalb alles, mit dem ihr eurer Fest-Location das gewisse Etwas FAIR-LEIHT.<\/p>\t\t\t\t\t\t\t\t<\/div>\n\t\t\t\t<\/div>\n\t\t\t\t\t<\/div>\n\t\t<\/div>\n\t\t\t\t<div class=\"elementor-column elementor-col-25 elementor-top-column elementor-element elementor-element-1d54d18\" data-id=\"1d54d18\" data-element_type=\"column\" data-e-type=\"column\">\n\t\t\t<div class=\"elementor-widget-wrap elementor-element-populated\">\n\t\t\t\t\t\t<div class=\"elementor-element elementor-element-cba19c7 elementor-widget elementor-widget-image\" data-id=\"cba19c7\" data-element_type=\"widget\" data-e-type=\"widget\" data-widget_type=\"image.default\">\n\t\t\t\t<div class=\"elementor-widget-container\">\n\t\t\t\t\t\t\t\t\t\t\t\t\t\t\t<img fetchpriority=\"high\" decoding=\"async\" width=\"1024\" height=\"1024\" src=\"https:\/\/tischleinfein.com\/wp-content\/uploads\/2024\/02\/DSC_5305-1024x1024.jpg\" class=\"attachment-large size-large wp-image-1028\" alt=\"\" srcset=\"https:\/\/tischleinfein.com\/wp-content\/uploads\/2024\/02\/DSC_5305-1024x1024.jpg 1024w, https:\/\/tischleinfein.com\/wp-content\/uploads\/2024\/02\/DSC_5305-300x300.jpg 300w, https:\/\/tischleinfein.com\/wp-content\/uploads\/2024\/02\/DSC_5305-150x150.jpg 150w, https:\/\/tischleinfein.com\/wp-content\/uploads\/2024\/02\/DSC_5305-768x768.jpg 768w, https:\/\/tischleinfein.com\/wp-content\/uploads\/2024\/02\/DSC_5305-100x100.jpg 100w\" sizes=\"(max-width: 1024px) 100vw, 1024px\" \/>\t\t\t\t\t\t\t\t\t\t\t\t\t\t\t<\/div>\n\t\t\t\t<\/div>\n\t\t\t\t\t<\/div>\n\t\t<\/div>\n\t\t\t\t<div class=\"elementor-column elementor-col-25 elementor-top-column elementor-element elementor-element-01d0c91\" data-id=\"01d0c91\" data-element_type=\"column\" data-e-type=\"column\">\n\t\t\t<div class=\"elementor-widget-wrap elementor-element-populated\">\n\t\t\t\t\t\t<div class=\"elementor-element elementor-element-eba09ac elementor-widget elementor-widget-image\" data-id=\"eba09ac\" data-element_type=\"widget\" data-e-type=\"widget\" data-widget_type=\"image.default\">\n\t\t\t\t<div class=\"elementor-widget-container\">\n\t\t\t\t\t\t\t\t\t\t\t\t\t\t\t<img decoding=\"async\" width=\"1024\" height=\"1024\" src=\"https:\/\/tischleinfein.com\/wp-content\/uploads\/2024\/02\/DSC_5353-1024x1024.jpg\" class=\"attachment-large size-large wp-image-1029\" alt=\"\" srcset=\"https:\/\/tischleinfein.com\/wp-content\/uploads\/2024\/02\/DSC_5353-1024x1024.jpg 1024w, https:\/\/tischleinfein.com\/wp-content\/uploads\/2024\/02\/DSC_5353-300x300.jpg 300w, https:\/\/tischleinfein.com\/wp-content\/uploads\/2024\/02\/DSC_5353-150x150.jpg 150w, https:\/\/tischleinfein.com\/wp-content\/uploads\/2024\/02\/DSC_5353-768x768.jpg 768w, https:\/\/tischleinfein.com\/wp-content\/uploads\/2024\/02\/DSC_5353-100x100.jpg 100w\" sizes=\"(max-width: 1024px) 100vw, 1024px\" \/>\t\t\t\t\t\t\t\t\t\t\t\t\t\t\t<\/div>\n\t\t\t\t<\/div>\n\t\t\t\t\t<\/div>\n\t\t<\/div>\n\t\t\t\t\t<\/div>\n\t\t<\/section>\n\t\t\t\t<section class=\"elementor-section elementor-top-section elementor-element elementor-element-fc4ccb3 elementor-section-boxed elementor-section-height-default elementor-section-height-default\" data-id=\"fc4ccb3\" data-element_type=\"section\" data-e-type=\"section\">\n\t\t\t\t\t\t<div class=\"elementor-container elementor-column-gap-default\">\n\t\t\t\t\t<div class=\"elementor-column elementor-col-100 elementor-top-column elementor-element elementor-element-c183e07\" data-id=\"c183e07\" data-element_type=\"column\" data-e-type=\"column\">\n\t\t\t<div class=\"elementor-widget-wrap elementor-element-populated\">\n\t\t\t\t\t\t<div class=\"elementor-element elementor-element-9a12092 elementor-widget elementor-widget-spacer\" data-id=\"9a12092\" data-element_type=\"widget\" data-e-type=\"widget\" data-widget_type=\"spacer.default\">\n\t\t\t\t<div class=\"elementor-widget-container\">\n\t\t\t\t\t\t\t<div class=\"elementor-spacer\">\n\t\t\t<div class=\"elementor-spacer-inner\"><\/div>\n\t\t<\/div>\n\t\t\t\t\t\t<\/div>\n\t\t\t\t<\/div>\n\t\t\t\t\t<\/div>\n\t\t<\/div>\n\t\t\t\t\t<\/div>\n\t\t<\/section>\n\t\t\t\t<\/div>","protected":false},"excerpt":{"rendered":"<p>\u00dcBER UNS \u00a0 \u00a0 Wir, Annalena und Ann Kristin, lieben es, gemeinsam mit anderen das Leben und die Liebe zu feiern. Als Freundinnen teilen wir sowohl unsere Leidenschaft f\u00fcr Design und Inneneinrichtung als auch den Gedanken der Nachhaltigkeit. Wir lieben au\u00dfergew\u00f6hnliche Dekorationsarrangements, besondere Kleinigkeiten und Einzelst\u00fccke, die Feste zu dem machen, was sie sind.\u00a0 Mit [&hellip;]<\/p>\n","protected":false},"author":3,"featured_media":0,"parent":0,"menu_order":0,"comment_status":"closed","ping_status":"closed","template":"","meta":{"om_disable_all_campaigns":false,"_monsterinsights_skip_tracking":false,"_monsterinsights_sitenote_active":false,"_monsterinsights_sitenote_note":"","_monsterinsights_sitenote_category":0,"footnotes":""},"class_list":["post-332","page","type-page","status-publish","hentry"],"aioseo_notices":[],"_links":{"self":[{"href":"https:\/\/tischleinfein.com\/en\/wp-json\/wp\/v2\/pages\/332","targetHints":{"allow":["GET"]}}],"collection":[{"href":"https:\/\/tischleinfein.com\/en\/wp-json\/wp\/v2\/pages"}],"about":[{"href":"https:\/\/tischleinfein.com\/en\/wp-json\/wp\/v2\/types\/page"}],"author":[{"embeddable":true,"href":"https:\/\/tischleinfein.com\/en\/wp-json\/wp\/v2\/users\/3"}],"replies":[{"embeddable":true,"href":"https:\/\/tischleinfein.com\/en\/wp-json\/wp\/v2\/comments?post=332"}],"version-history":[{"count":55,"href":"https:\/\/tischleinfein.com\/en\/wp-json\/wp\/v2\/pages\/332\/revisions"}],"predecessor-version":[{"id":1624,"href":"https:\/\/tischleinfein.com\/en\/wp-json\/wp\/v2\/pages\/332\/revisions\/1624"}],"wp:attachment":[{"href":"https:\/\/tischleinfein.com\/en\/wp-json\/wp\/v2\/media?parent=332"}],"curies":[{"name":"wp","href":"https:\/\/api.w.org\/{rel}","templated":true}]}}