{"id":1060,"date":"2024-02-15T16:27:39","date_gmt":"2024-02-15T16:27:39","guid":{"rendered":"https:\/\/tischleinfein.com\/?post_type=product&#038;p=1060"},"modified":"2024-02-19T12:48:30","modified_gmt":"2024-02-19T12:48:30","slug":"teppiche-2","status":"publish","type":"product","link":"https:\/\/tischleinfein.com\/en\/product\/teppiche-2\/","title":{"rendered":"Teppiche"},"content":{"rendered":"","protected":false},"excerpt":{"rendered":"<p>Unsere orientalischen Teppiche grenzen kleine Lounge-Ecken ab und sorgen f\u00fcr Gem\u00fctlichkeit. Unsere langen L\u00e4ufer eignen sich auch zur Versch\u00f6nerung des Mittelgangs in eurer Traulocation.<\/p>\n<p>Verschiedene Gr\u00f6\u00dfen, Formen und Farben vorhanden. Preis variiert je nach Gr\u00f6\u00dfe.<\/p>\n<p>Bitte beachtet, dass es sich bei unseren Teppichen um Vintage-St\u00fccke handelt und kleine Sch\u00f6nheitsfehler deshalb nicht ausgeschlossen werden k\u00f6nnen.<\/p>","protected":false},"featured_media":1186,"template":"","meta":{"om_disable_all_campaigns":false,"_monsterinsights_skip_tracking":false,"_monsterinsights_sitenote_active":false,"_monsterinsights_sitenote_note":"","_monsterinsights_sitenote_category":0},"product_brand":[],"product_cat":[44,43,45],"product_tag":[],"class_list":{"0":"post-1060","1":"product","2":"type-product","3":"status-publish","4":"has-post-thumbnail","6":"product_cat-dekorationselemente","7":"product_cat-mobiliar","8":"product_cat-trauelemente","10":"first","11":"instock","12":"shipping-taxable","13":"purchasable","14":"product-type-simple"},"aioseo_notices":[],"_links":{"self":[{"href":"https:\/\/tischleinfein.com\/en\/wp-json\/wp\/v2\/product\/1060","targetHints":{"allow":["GET"]}}],"collection":[{"href":"https:\/\/tischleinfein.com\/en\/wp-json\/wp\/v2\/product"}],"about":[{"href":"https:\/\/tischleinfein.com\/en\/wp-json\/wp\/v2\/types\/product"}],"version-history":[{"count":2,"href":"https:\/\/tischleinfein.com\/en\/wp-json\/wp\/v2\/product\/1060\/revisions"}],"predecessor-version":[{"id":1063,"href":"https:\/\/tischleinfein.com\/en\/wp-json\/wp\/v2\/product\/1060\/revisions\/1063"}],"wp:featuredmedia":[{"embeddable":true,"href":"https:\/\/tischleinfein.com\/en\/wp-json\/wp\/v2\/media\/1186"}],"wp:attachment":[{"href":"https:\/\/tischleinfein.com\/en\/wp-json\/wp\/v2\/media?parent=1060"}],"wp:term":[{"taxonomy":"product_brand","embeddable":true,"href":"https:\/\/tischleinfein.com\/en\/wp-json\/wp\/v2\/product_brand?post=1060"},{"taxonomy":"product_cat","embeddable":true,"href":"https:\/\/tischleinfein.com\/en\/wp-json\/wp\/v2\/product_cat?post=1060"},{"taxonomy":"product_tag","embeddable":true,"href":"https:\/\/tischleinfein.com\/en\/wp-json\/wp\/v2\/product_tag?post=1060"}],"curies":[{"name":"wp","href":"https:\/\/api.w.org\/{rel}","templated":true}]}}