{"id":1142,"date":"2024-02-17T10:11:28","date_gmt":"2024-02-17T10:11:28","guid":{"rendered":"https:\/\/tischleinfein.com\/?post_type=product&#038;p=1142"},"modified":"2024-02-17T10:25:03","modified_gmt":"2024-02-17T10:25:03","slug":"baumscheiben","status":"publish","type":"product","link":"https:\/\/tischleinfein.com\/en\/product\/baumscheiben\/","title":{"rendered":"Baumscheiben"},"content":{"rendered":"","protected":false},"excerpt":{"rendered":"<p>Wohlf\u00fchlatmosph\u00e4re f\u00fcr Naturliebhaber<\/p>\n<p>Vielseitig einsetzbar passen unsere Baumscheiben hervorragend zu Vintage-Konzepten im rustikalen Stil und bieten ausreichend Platz, um Vasen, Teelichter und Co. auf ihnen zu platzieren. Kombiniert mit Textilien, Glas-Vasen und Messing-Kerzenst\u00e4ndern schaffen sie einen nat\u00fcrlichen Materialmix, der eine gem\u00fctliche Atmosph\u00e4re verspricht.<\/p>","protected":false},"featured_media":1113,"template":"","meta":{"om_disable_all_campaigns":false,"_monsterinsights_skip_tracking":false,"_monsterinsights_sitenote_active":false,"_monsterinsights_sitenote_note":"","_monsterinsights_sitenote_category":0},"product_brand":[],"product_cat":[44,63],"product_tag":[],"class_list":{"0":"post-1142","1":"product","2":"type-product","3":"status-publish","4":"has-post-thumbnail","6":"product_cat-dekorationselemente","7":"product_cat-tischdekoration-2","9":"first","10":"instock","11":"shipping-taxable","12":"purchasable","13":"product-type-simple"},"aioseo_notices":[],"_links":{"self":[{"href":"https:\/\/tischleinfein.com\/en\/wp-json\/wp\/v2\/product\/1142","targetHints":{"allow":["GET"]}}],"collection":[{"href":"https:\/\/tischleinfein.com\/en\/wp-json\/wp\/v2\/product"}],"about":[{"href":"https:\/\/tischleinfein.com\/en\/wp-json\/wp\/v2\/types\/product"}],"version-history":[{"count":1,"href":"https:\/\/tischleinfein.com\/en\/wp-json\/wp\/v2\/product\/1142\/revisions"}],"predecessor-version":[{"id":1143,"href":"https:\/\/tischleinfein.com\/en\/wp-json\/wp\/v2\/product\/1142\/revisions\/1143"}],"wp:featuredmedia":[{"embeddable":true,"href":"https:\/\/tischleinfein.com\/en\/wp-json\/wp\/v2\/media\/1113"}],"wp:attachment":[{"href":"https:\/\/tischleinfein.com\/en\/wp-json\/wp\/v2\/media?parent=1142"}],"wp:term":[{"taxonomy":"product_brand","embeddable":true,"href":"https:\/\/tischleinfein.com\/en\/wp-json\/wp\/v2\/product_brand?post=1142"},{"taxonomy":"product_cat","embeddable":true,"href":"https:\/\/tischleinfein.com\/en\/wp-json\/wp\/v2\/product_cat?post=1142"},{"taxonomy":"product_tag","embeddable":true,"href":"https:\/\/tischleinfein.com\/en\/wp-json\/wp\/v2\/product_tag?post=1142"}],"curies":[{"name":"wp","href":"https:\/\/api.w.org\/{rel}","templated":true}]}}