{"id":1145,"date":"2024-02-17T10:36:19","date_gmt":"2024-02-17T10:36:19","guid":{"rendered":"https:\/\/tischleinfein.com\/?post_type=product&#038;p=1145"},"modified":"2024-05-16T06:54:47","modified_gmt":"2024-05-16T06:54:47","slug":"trockenblumen-paket","status":"publish","type":"product","link":"https:\/\/tischleinfein.com\/en\/product\/trockenblumen-paket\/","title":{"rendered":"Trockenblumen-Paket"},"content":{"rendered":"","protected":false},"excerpt":{"rendered":"<p>Ihr ben\u00f6tigt Trockenblumen zum Best\u00fccken eurer Vasen? Gerne verleihen wir unser Trockenblumen-Sortiment, aus dem ihr euch eure Wunsch-Farben ausw\u00e4hlen k\u00f6nnt. Im Sinne einer Green-Wedding k\u00f6nnen wir so gemeinsam einen Beitrag leisten, dass auch eure Blumenarrangements weiterverwendet werden k\u00f6nnen. Gerne bieten wir euch hierf\u00fcr eine individuelle Tischpauschale an.<\/p>\n<p>Preise variieren je nach Tischgr\u00f6\u00dfe und W\u00fcnschen zwischen 5,00 und 15,00\u20ac pro Tisch.<\/p>","protected":false},"featured_media":703,"template":"","meta":{"om_disable_all_campaigns":false,"_monsterinsights_skip_tracking":false,"_monsterinsights_sitenote_active":false,"_monsterinsights_sitenote_note":"","_monsterinsights_sitenote_category":0},"product_brand":[],"product_cat":[47,63],"product_tag":[],"class_list":{"0":"post-1145","1":"product","2":"type-product","3":"status-publish","4":"has-post-thumbnail","6":"product_cat-florales","7":"product_cat-tischdekoration-2","9":"first","10":"instock","11":"shipping-taxable","12":"purchasable","13":"product-type-simple"},"aioseo_notices":[],"_links":{"self":[{"href":"https:\/\/tischleinfein.com\/en\/wp-json\/wp\/v2\/product\/1145","targetHints":{"allow":["GET"]}}],"collection":[{"href":"https:\/\/tischleinfein.com\/en\/wp-json\/wp\/v2\/product"}],"about":[{"href":"https:\/\/tischleinfein.com\/en\/wp-json\/wp\/v2\/types\/product"}],"version-history":[{"count":3,"href":"https:\/\/tischleinfein.com\/en\/wp-json\/wp\/v2\/product\/1145\/revisions"}],"predecessor-version":[{"id":1373,"href":"https:\/\/tischleinfein.com\/en\/wp-json\/wp\/v2\/product\/1145\/revisions\/1373"}],"wp:featuredmedia":[{"embeddable":true,"href":"https:\/\/tischleinfein.com\/en\/wp-json\/wp\/v2\/media\/703"}],"wp:attachment":[{"href":"https:\/\/tischleinfein.com\/en\/wp-json\/wp\/v2\/media?parent=1145"}],"wp:term":[{"taxonomy":"product_brand","embeddable":true,"href":"https:\/\/tischleinfein.com\/en\/wp-json\/wp\/v2\/product_brand?post=1145"},{"taxonomy":"product_cat","embeddable":true,"href":"https:\/\/tischleinfein.com\/en\/wp-json\/wp\/v2\/product_cat?post=1145"},{"taxonomy":"product_tag","embeddable":true,"href":"https:\/\/tischleinfein.com\/en\/wp-json\/wp\/v2\/product_tag?post=1145"}],"curies":[{"name":"wp","href":"https:\/\/api.w.org\/{rel}","templated":true}]}}