{"id":443,"date":"2023-05-16T17:26:35","date_gmt":"2023-05-16T17:26:35","guid":{"rendered":"https:\/\/tischleinfein.com\/product\/alte-koffer\/"},"modified":"2024-02-17T10:09:01","modified_gmt":"2024-02-17T10:09:01","slug":"alte-koffer","status":"publish","type":"product","link":"https:\/\/tischleinfein.com\/en\/product\/alte-koffer\/","title":{"rendered":"Koffer Vintage"},"content":{"rendered":"","protected":false},"excerpt":{"rendered":"<p>Unsere Vintage-Koffer bieten euren G\u00e4sten die M\u00f6glichkeit, Gl\u00fcckwunschkarten und Geschenke an einem originellen Ort abzulegen.<\/p>","protected":false},"featured_media":1118,"template":"","meta":{"om_disable_all_campaigns":false,"_monsterinsights_skip_tracking":false,"_monsterinsights_sitenote_active":false,"_monsterinsights_sitenote_note":"","_monsterinsights_sitenote_category":0},"product_brand":[],"product_cat":[44],"product_tag":[],"class_list":{"0":"post-443","1":"product","2":"type-product","3":"status-publish","4":"has-post-thumbnail","6":"product_cat-dekorationselemente","8":"first","9":"instock","10":"shipping-taxable","11":"purchasable","12":"product-type-simple"},"aioseo_notices":[],"_links":{"self":[{"href":"https:\/\/tischleinfein.com\/en\/wp-json\/wp\/v2\/product\/443","targetHints":{"allow":["GET"]}}],"collection":[{"href":"https:\/\/tischleinfein.com\/en\/wp-json\/wp\/v2\/product"}],"about":[{"href":"https:\/\/tischleinfein.com\/en\/wp-json\/wp\/v2\/types\/product"}],"version-history":[{"count":2,"href":"https:\/\/tischleinfein.com\/en\/wp-json\/wp\/v2\/product\/443\/revisions"}],"predecessor-version":[{"id":1140,"href":"https:\/\/tischleinfein.com\/en\/wp-json\/wp\/v2\/product\/443\/revisions\/1140"}],"wp:featuredmedia":[{"embeddable":true,"href":"https:\/\/tischleinfein.com\/en\/wp-json\/wp\/v2\/media\/1118"}],"wp:attachment":[{"href":"https:\/\/tischleinfein.com\/en\/wp-json\/wp\/v2\/media?parent=443"}],"wp:term":[{"taxonomy":"product_brand","embeddable":true,"href":"https:\/\/tischleinfein.com\/en\/wp-json\/wp\/v2\/product_brand?post=443"},{"taxonomy":"product_cat","embeddable":true,"href":"https:\/\/tischleinfein.com\/en\/wp-json\/wp\/v2\/product_cat?post=443"},{"taxonomy":"product_tag","embeddable":true,"href":"https:\/\/tischleinfein.com\/en\/wp-json\/wp\/v2\/product_tag?post=443"}],"curies":[{"name":"wp","href":"https:\/\/api.w.org\/{rel}","templated":true}]}}