{"id":536,"date":"2023-09-29T19:22:58","date_gmt":"2023-09-29T19:22:58","guid":{"rendered":"https:\/\/tischleinfein.com\/?post_type=product&#038;p=536"},"modified":"2023-10-03T19:25:05","modified_gmt":"2023-10-03T19:25:05","slug":"tischlaeufer-leinen-weiss","status":"publish","type":"product","link":"https:\/\/tischleinfein.com\/en\/product\/tischlaeufer-leinen-weiss\/","title":{"rendered":"Leinen-Tischl\u00e4ufer White Elegance"},"content":{"rendered":"","protected":false},"excerpt":{"rendered":"<p>Textile Basis &#8211;<\/p>\n<p>Setzt mit unseren wei\u00dfen Tischl\u00e4ufern weiche Farbakzente und schafft eine textile Tischmitte, auf der eure Dekoelemente gl\u00e4nzen k\u00f6nnen.<\/p>\n<p>Ma\u00dfe:<\/p>\n<p>Preis exklusive Reinigung<\/p>","protected":false},"featured_media":0,"template":"","meta":{"om_disable_all_campaigns":false,"_monsterinsights_skip_tracking":false,"_monsterinsights_sitenote_active":false,"_monsterinsights_sitenote_note":"","_monsterinsights_sitenote_category":0},"product_brand":[],"product_cat":[40],"product_tag":[],"class_list":{"0":"post-536","1":"product","2":"type-product","3":"status-publish","5":"product_cat-tischwaesche","7":"first","8":"instock","9":"shipping-taxable","10":"purchasable","11":"product-type-simple"},"aioseo_notices":[],"_links":{"self":[{"href":"https:\/\/tischleinfein.com\/en\/wp-json\/wp\/v2\/product\/536","targetHints":{"allow":["GET"]}}],"collection":[{"href":"https:\/\/tischleinfein.com\/en\/wp-json\/wp\/v2\/product"}],"about":[{"href":"https:\/\/tischleinfein.com\/en\/wp-json\/wp\/v2\/types\/product"}],"version-history":[{"count":2,"href":"https:\/\/tischleinfein.com\/en\/wp-json\/wp\/v2\/product\/536\/revisions"}],"predecessor-version":[{"id":651,"href":"https:\/\/tischleinfein.com\/en\/wp-json\/wp\/v2\/product\/536\/revisions\/651"}],"wp:attachment":[{"href":"https:\/\/tischleinfein.com\/en\/wp-json\/wp\/v2\/media?parent=536"}],"wp:term":[{"taxonomy":"product_brand","embeddable":true,"href":"https:\/\/tischleinfein.com\/en\/wp-json\/wp\/v2\/product_brand?post=536"},{"taxonomy":"product_cat","embeddable":true,"href":"https:\/\/tischleinfein.com\/en\/wp-json\/wp\/v2\/product_cat?post=536"},{"taxonomy":"product_tag","embeddable":true,"href":"https:\/\/tischleinfein.com\/en\/wp-json\/wp\/v2\/product_tag?post=536"}],"curies":[{"name":"wp","href":"https:\/\/api.w.org\/{rel}","templated":true}]}}