{"id":545,"date":"2023-09-29T19:35:48","date_gmt":"2023-09-29T19:35:48","guid":{"rendered":"https:\/\/tischleinfein.com\/?post_type=product&#038;p=545"},"modified":"2023-10-25T20:12:52","modified_gmt":"2023-10-25T20:12:52","slug":"boho-lounge","status":"publish","type":"product","link":"https:\/\/tischleinfein.com\/en\/product\/boho-lounge\/","title":{"rendered":"Boden-Lounge"},"content":{"rendered":"","protected":false},"excerpt":{"rendered":"<p>Schnappt euch ein Kissen uns sto\u00dft an!<\/p>\n<p>Nicht nur die Kids machen es sich gern mit Hocker und Kissen auf dem Boden bequem. An unserem Bodentisch finden an eurer Feier auch die Gro\u00dfen einen gem\u00fctlichen Platz. Ob mit Bastelmaterialien und Malutensilien oder mit Vasen und Makramee-L\u00e4ufer dekoriert &#8211; Spiel und Spa\u00df sind garantiert!<\/p>\n<p>Preis inklusive einem Teppich, Kissen, zwei Lederpoufs, zwei Rattanpoufs sowie einer Decke<\/p>\n<p>Preis exklusive Reinigung<\/p>","protected":false},"featured_media":546,"template":"","meta":{"om_disable_all_campaigns":false,"_monsterinsights_skip_tracking":false,"_monsterinsights_sitenote_active":false,"_monsterinsights_sitenote_note":"","_monsterinsights_sitenote_category":0},"product_brand":[],"product_cat":[43],"product_tag":[],"class_list":{"0":"post-545","1":"product","2":"type-product","3":"status-publish","4":"has-post-thumbnail","6":"product_cat-mobiliar","8":"first","9":"instock","10":"shipping-taxable","11":"purchasable","12":"product-type-simple"},"aioseo_notices":[],"_links":{"self":[{"href":"https:\/\/tischleinfein.com\/en\/wp-json\/wp\/v2\/product\/545","targetHints":{"allow":["GET"]}}],"collection":[{"href":"https:\/\/tischleinfein.com\/en\/wp-json\/wp\/v2\/product"}],"about":[{"href":"https:\/\/tischleinfein.com\/en\/wp-json\/wp\/v2\/types\/product"}],"version-history":[{"count":3,"href":"https:\/\/tischleinfein.com\/en\/wp-json\/wp\/v2\/product\/545\/revisions"}],"predecessor-version":[{"id":880,"href":"https:\/\/tischleinfein.com\/en\/wp-json\/wp\/v2\/product\/545\/revisions\/880"}],"wp:featuredmedia":[{"embeddable":true,"href":"https:\/\/tischleinfein.com\/en\/wp-json\/wp\/v2\/media\/546"}],"wp:attachment":[{"href":"https:\/\/tischleinfein.com\/en\/wp-json\/wp\/v2\/media?parent=545"}],"wp:term":[{"taxonomy":"product_brand","embeddable":true,"href":"https:\/\/tischleinfein.com\/en\/wp-json\/wp\/v2\/product_brand?post=545"},{"taxonomy":"product_cat","embeddable":true,"href":"https:\/\/tischleinfein.com\/en\/wp-json\/wp\/v2\/product_cat?post=545"},{"taxonomy":"product_tag","embeddable":true,"href":"https:\/\/tischleinfein.com\/en\/wp-json\/wp\/v2\/product_tag?post=545"}],"curies":[{"name":"wp","href":"https:\/\/api.w.org\/{rel}","templated":true}]}}