{"id":557,"date":"2023-09-29T19:50:21","date_gmt":"2023-09-29T19:50:21","guid":{"rendered":"https:\/\/tischleinfein.com\/?post_type=product&#038;p=557"},"modified":"2024-02-15T16:07:02","modified_gmt":"2024-02-15T16:07:02","slug":"tischnummern-maxime","status":"publish","type":"product","link":"https:\/\/tischleinfein.com\/en\/product\/tischnummern-maxime\/","title":{"rendered":"Tischnummern Maxime"},"content":{"rendered":"","protected":false},"excerpt":{"rendered":"<p>Find your seat &#8211; Finde deinen Platz!<\/p>\n<p>Mit unseren trendigen Glas-Tischnummern in goldener Fassung verbinden wir N\u00fctzliches mit eleganter Tischdekoration. Die zweckm\u00e4\u00dfigen Tischnummern f\u00fcgen sich neben Kerzenst\u00e4nder, Vasen und Co. stilvoll in die Tischkulisse ein und machen die Sitzplatzsuche zu etwas Besonderem.<\/p>","protected":false},"featured_media":636,"template":"","meta":{"om_disable_all_campaigns":false,"_monsterinsights_skip_tracking":false,"_monsterinsights_sitenote_active":false,"_monsterinsights_sitenote_note":"","_monsterinsights_sitenote_category":0},"product_brand":[],"product_cat":[42],"product_tag":[],"class_list":{"0":"post-557","1":"product","2":"type-product","3":"status-publish","4":"has-post-thumbnail","6":"product_cat-tischordnung","8":"first","9":"instock","10":"shipping-taxable","11":"purchasable","12":"product-type-simple"},"aioseo_notices":[],"_links":{"self":[{"href":"https:\/\/tischleinfein.com\/en\/wp-json\/wp\/v2\/product\/557","targetHints":{"allow":["GET"]}}],"collection":[{"href":"https:\/\/tischleinfein.com\/en\/wp-json\/wp\/v2\/product"}],"about":[{"href":"https:\/\/tischleinfein.com\/en\/wp-json\/wp\/v2\/types\/product"}],"version-history":[{"count":2,"href":"https:\/\/tischleinfein.com\/en\/wp-json\/wp\/v2\/product\/557\/revisions"}],"predecessor-version":[{"id":681,"href":"https:\/\/tischleinfein.com\/en\/wp-json\/wp\/v2\/product\/557\/revisions\/681"}],"wp:featuredmedia":[{"embeddable":true,"href":"https:\/\/tischleinfein.com\/en\/wp-json\/wp\/v2\/media\/636"}],"wp:attachment":[{"href":"https:\/\/tischleinfein.com\/en\/wp-json\/wp\/v2\/media?parent=557"}],"wp:term":[{"taxonomy":"product_brand","embeddable":true,"href":"https:\/\/tischleinfein.com\/en\/wp-json\/wp\/v2\/product_brand?post=557"},{"taxonomy":"product_cat","embeddable":true,"href":"https:\/\/tischleinfein.com\/en\/wp-json\/wp\/v2\/product_cat?post=557"},{"taxonomy":"product_tag","embeddable":true,"href":"https:\/\/tischleinfein.com\/en\/wp-json\/wp\/v2\/product_tag?post=557"}],"curies":[{"name":"wp","href":"https:\/\/api.w.org\/{rel}","templated":true}]}}