{"id":568,"date":"2023-09-29T20:03:33","date_gmt":"2023-09-29T20:03:33","guid":{"rendered":"https:\/\/tischleinfein.com\/?post_type=product&#038;p=568"},"modified":"2024-02-15T16:32:29","modified_gmt":"2024-02-15T16:32:29","slug":"sitzplan-wer-sitzt-wo","status":"publish","type":"product","link":"https:\/\/tischleinfein.com\/en\/product\/sitzplan-wer-sitzt-wo\/","title":{"rendered":"Sitzplan &#8220;Wer sitzt wo?&#8221;"},"content":{"rendered":"","protected":false},"excerpt":{"rendered":"<p>Mit unserem wei\u00dfen Find Your Seat-St\u00e4nder aus pulverbeschichtetem Metall findet jeder Gast zum richtigen Tisch. Der St\u00e4nder ist magnetisch und individuell mit eurer Papeterie best\u00fcckbar.<\/p>\n<p>Ma\u00dfe:<\/p>","protected":false},"featured_media":1034,"template":"","meta":{"om_disable_all_campaigns":false,"_monsterinsights_skip_tracking":false,"_monsterinsights_sitenote_active":false,"_monsterinsights_sitenote_note":"","_monsterinsights_sitenote_category":0},"product_brand":[],"product_cat":[42],"product_tag":[],"class_list":{"0":"post-568","1":"product","2":"type-product","3":"status-publish","4":"has-post-thumbnail","6":"product_cat-tischordnung","8":"first","9":"instock","10":"shipping-taxable","11":"purchasable","12":"product-type-simple"},"aioseo_notices":[],"_links":{"self":[{"href":"https:\/\/tischleinfein.com\/en\/wp-json\/wp\/v2\/product\/568","targetHints":{"allow":["GET"]}}],"collection":[{"href":"https:\/\/tischleinfein.com\/en\/wp-json\/wp\/v2\/product"}],"about":[{"href":"https:\/\/tischleinfein.com\/en\/wp-json\/wp\/v2\/types\/product"}],"version-history":[{"count":1,"href":"https:\/\/tischleinfein.com\/en\/wp-json\/wp\/v2\/product\/568\/revisions"}],"predecessor-version":[{"id":570,"href":"https:\/\/tischleinfein.com\/en\/wp-json\/wp\/v2\/product\/568\/revisions\/570"}],"wp:featuredmedia":[{"embeddable":true,"href":"https:\/\/tischleinfein.com\/en\/wp-json\/wp\/v2\/media\/1034"}],"wp:attachment":[{"href":"https:\/\/tischleinfein.com\/en\/wp-json\/wp\/v2\/media?parent=568"}],"wp:term":[{"taxonomy":"product_brand","embeddable":true,"href":"https:\/\/tischleinfein.com\/en\/wp-json\/wp\/v2\/product_brand?post=568"},{"taxonomy":"product_cat","embeddable":true,"href":"https:\/\/tischleinfein.com\/en\/wp-json\/wp\/v2\/product_cat?post=568"},{"taxonomy":"product_tag","embeddable":true,"href":"https:\/\/tischleinfein.com\/en\/wp-json\/wp\/v2\/product_tag?post=568"}],"curies":[{"name":"wp","href":"https:\/\/api.w.org\/{rel}","templated":true}]}}