{"id":584,"date":"2023-10-03T18:29:16","date_gmt":"2023-10-03T18:29:16","guid":{"rendered":"https:\/\/tischleinfein.com\/?post_type=product&#038;p=584"},"modified":"2023-10-03T20:10:56","modified_gmt":"2023-10-03T20:10:56","slug":"boho-lounge-2","status":"publish","type":"product","link":"https:\/\/tischleinfein.com\/en\/product\/boho-lounge-2\/","title":{"rendered":"Boho-Lounge"},"content":{"rendered":"","protected":false},"excerpt":{"rendered":"<p>In unserer Boho-Lounge (bestehend aus einer Bank, zwei St\u00fchlen, einem Tisch mit Glasplatte, Kissen und einem Teppich) kannst du es dir mit deinen G\u00e4sten bei einem Gl\u00e4schen Sekt oder einem guten Whiskey gem\u00fctlich machen.<\/p>\n<p>Ob als Indoor- oder Outdoor-Lounge- aufgeh\u00fcbscht mit bunten oder wei\u00dfen Kissen, Teppichen und Lederpoufs bietet dir diese Sitzgelegenheit den perfekten Platz zum Verweilen.<\/p>\n<p>Preis exklusive Reinigung<\/p>","protected":false},"featured_media":588,"template":"","meta":{"om_disable_all_campaigns":false,"_monsterinsights_skip_tracking":false,"_monsterinsights_sitenote_active":false,"_monsterinsights_sitenote_note":"","_monsterinsights_sitenote_category":0},"product_brand":[],"product_cat":[43],"product_tag":[],"class_list":{"0":"post-584","1":"product","2":"type-product","3":"status-publish","4":"has-post-thumbnail","6":"product_cat-mobiliar","8":"first","9":"instock","10":"shipping-taxable","11":"purchasable","12":"product-type-simple"},"aioseo_notices":[],"_links":{"self":[{"href":"https:\/\/tischleinfein.com\/en\/wp-json\/wp\/v2\/product\/584","targetHints":{"allow":["GET"]}}],"collection":[{"href":"https:\/\/tischleinfein.com\/en\/wp-json\/wp\/v2\/product"}],"about":[{"href":"https:\/\/tischleinfein.com\/en\/wp-json\/wp\/v2\/types\/product"}],"version-history":[{"count":1,"href":"https:\/\/tischleinfein.com\/en\/wp-json\/wp\/v2\/product\/584\/revisions"}],"predecessor-version":[{"id":590,"href":"https:\/\/tischleinfein.com\/en\/wp-json\/wp\/v2\/product\/584\/revisions\/590"}],"wp:featuredmedia":[{"embeddable":true,"href":"https:\/\/tischleinfein.com\/en\/wp-json\/wp\/v2\/media\/588"}],"wp:attachment":[{"href":"https:\/\/tischleinfein.com\/en\/wp-json\/wp\/v2\/media?parent=584"}],"wp:term":[{"taxonomy":"product_brand","embeddable":true,"href":"https:\/\/tischleinfein.com\/en\/wp-json\/wp\/v2\/product_brand?post=584"},{"taxonomy":"product_cat","embeddable":true,"href":"https:\/\/tischleinfein.com\/en\/wp-json\/wp\/v2\/product_cat?post=584"},{"taxonomy":"product_tag","embeddable":true,"href":"https:\/\/tischleinfein.com\/en\/wp-json\/wp\/v2\/product_tag?post=584"}],"curies":[{"name":"wp","href":"https:\/\/api.w.org\/{rel}","templated":true}]}}