{"id":594,"date":"2023-10-03T18:36:54","date_gmt":"2023-10-03T18:36:54","guid":{"rendered":"https:\/\/tischleinfein.com\/?post_type=product&#038;p=594"},"modified":"2023-10-04T09:14:23","modified_gmt":"2023-10-04T09:14:23","slug":"makramee-stuhlhussen","status":"publish","type":"product","link":"https:\/\/tischleinfein.com\/en\/product\/makramee-stuhlhussen\/","title":{"rendered":"Makramee-Stuhlhussen"},"content":{"rendered":"","protected":false},"excerpt":{"rendered":"<p>Versch\u00f6nert eure Traust\u00fchle mit unseren von Hand gekn\u00fcpften Stuhlhussen &#8211;<\/p>\n<p>Unsere Stuhlhussen aus Makramee sind ebenso wie unser Makramee-Vorhang handgefertigt. In Kombination mit unserem Holztraubogen sind sie ein echter Hingucker und eine sch\u00f6ne Abwechslung zu Blumengestecken an euren Traust\u00fchlen.<\/p>\n<p>Preis gilt f\u00fcr zwei Stuhlhussen<\/p>","protected":false},"featured_media":595,"template":"","meta":{"om_disable_all_campaigns":false,"_monsterinsights_skip_tracking":false,"_monsterinsights_sitenote_active":false,"_monsterinsights_sitenote_note":"","_monsterinsights_sitenote_category":0},"product_brand":[],"product_cat":[45],"product_tag":[],"class_list":{"0":"post-594","1":"product","2":"type-product","3":"status-publish","4":"has-post-thumbnail","6":"product_cat-trauelemente","8":"first","9":"instock","10":"shipping-taxable","11":"purchasable","12":"product-type-simple"},"aioseo_notices":[],"_links":{"self":[{"href":"https:\/\/tischleinfein.com\/en\/wp-json\/wp\/v2\/product\/594","targetHints":{"allow":["GET"]}}],"collection":[{"href":"https:\/\/tischleinfein.com\/en\/wp-json\/wp\/v2\/product"}],"about":[{"href":"https:\/\/tischleinfein.com\/en\/wp-json\/wp\/v2\/types\/product"}],"version-history":[{"count":2,"href":"https:\/\/tischleinfein.com\/en\/wp-json\/wp\/v2\/product\/594\/revisions"}],"predecessor-version":[{"id":831,"href":"https:\/\/tischleinfein.com\/en\/wp-json\/wp\/v2\/product\/594\/revisions\/831"}],"wp:featuredmedia":[{"embeddable":true,"href":"https:\/\/tischleinfein.com\/en\/wp-json\/wp\/v2\/media\/595"}],"wp:attachment":[{"href":"https:\/\/tischleinfein.com\/en\/wp-json\/wp\/v2\/media?parent=594"}],"wp:term":[{"taxonomy":"product_brand","embeddable":true,"href":"https:\/\/tischleinfein.com\/en\/wp-json\/wp\/v2\/product_brand?post=594"},{"taxonomy":"product_cat","embeddable":true,"href":"https:\/\/tischleinfein.com\/en\/wp-json\/wp\/v2\/product_cat?post=594"},{"taxonomy":"product_tag","embeddable":true,"href":"https:\/\/tischleinfein.com\/en\/wp-json\/wp\/v2\/product_tag?post=594"}],"curies":[{"name":"wp","href":"https:\/\/api.w.org\/{rel}","templated":true}]}}