{"id":619,"date":"2023-10-03T18:59:43","date_gmt":"2023-10-03T18:59:43","guid":{"rendered":"https:\/\/tischleinfein.com\/?post_type=product&#038;p=619"},"modified":"2024-02-17T10:31:30","modified_gmt":"2024-02-17T10:31:30","slug":"trockenblumen-straeusse","status":"publish","type":"product","link":"https:\/\/tischleinfein.com\/en\/product\/trockenblumen-straeusse\/","title":{"rendered":"Trockenblumen-Str\u00e4u\u00dfe"},"content":{"rendered":"","protected":false},"excerpt":{"rendered":"<p>Warum sollten getrocknete Blumen f\u00fcr jede Feierlichkeit neu gekauft werden?<\/p>\n<p>Unsere Trockenblumenstr\u00e4u\u00dfe k\u00f6nnt ihr ebenso wie unsere einzelnen Trockenblumenzweige mieten und so im Sinne einer <em>Green Wedding<\/em> ein florales Statement zum Thema Nachhaltigkeit setzen.<\/p>","protected":false},"featured_media":682,"template":"","meta":{"om_disable_all_campaigns":false,"_monsterinsights_skip_tracking":false,"_monsterinsights_sitenote_active":false,"_monsterinsights_sitenote_note":"","_monsterinsights_sitenote_category":0},"product_brand":[],"product_cat":[47,63,41],"product_tag":[],"class_list":{"0":"post-619","1":"product","2":"type-product","3":"status-publish","4":"has-post-thumbnail","6":"product_cat-florales","7":"product_cat-tischdekoration-2","8":"product_cat-tischdekoration","10":"first","11":"instock","12":"shipping-taxable","13":"purchasable","14":"product-type-simple"},"aioseo_notices":[],"_links":{"self":[{"href":"https:\/\/tischleinfein.com\/en\/wp-json\/wp\/v2\/product\/619","targetHints":{"allow":["GET"]}}],"collection":[{"href":"https:\/\/tischleinfein.com\/en\/wp-json\/wp\/v2\/product"}],"about":[{"href":"https:\/\/tischleinfein.com\/en\/wp-json\/wp\/v2\/types\/product"}],"version-history":[{"count":2,"href":"https:\/\/tischleinfein.com\/en\/wp-json\/wp\/v2\/product\/619\/revisions"}],"predecessor-version":[{"id":865,"href":"https:\/\/tischleinfein.com\/en\/wp-json\/wp\/v2\/product\/619\/revisions\/865"}],"wp:featuredmedia":[{"embeddable":true,"href":"https:\/\/tischleinfein.com\/en\/wp-json\/wp\/v2\/media\/682"}],"wp:attachment":[{"href":"https:\/\/tischleinfein.com\/en\/wp-json\/wp\/v2\/media?parent=619"}],"wp:term":[{"taxonomy":"product_brand","embeddable":true,"href":"https:\/\/tischleinfein.com\/en\/wp-json\/wp\/v2\/product_brand?post=619"},{"taxonomy":"product_cat","embeddable":true,"href":"https:\/\/tischleinfein.com\/en\/wp-json\/wp\/v2\/product_cat?post=619"},{"taxonomy":"product_tag","embeddable":true,"href":"https:\/\/tischleinfein.com\/en\/wp-json\/wp\/v2\/product_tag?post=619"}],"curies":[{"name":"wp","href":"https:\/\/api.w.org\/{rel}","templated":true}]}}