{"id":678,"date":"2023-10-03T19:46:46","date_gmt":"2023-10-03T19:46:46","guid":{"rendered":"https:\/\/tischleinfein.com\/?post_type=product&#038;p=678"},"modified":"2024-02-17T10:05:02","modified_gmt":"2024-02-17T10:05:02","slug":"vintage-geschirr-mixmatch","status":"publish","type":"product","link":"https:\/\/tischleinfein.com\/en\/product\/vintage-geschirr-mixmatch\/","title":{"rendered":"Vintage-Geschirr Mix&#038;Match"},"content":{"rendered":"","protected":false},"excerpt":{"rendered":"<p>Speisen in Vintage-Atmosph\u00e4re<\/p>\n<p>Verleihe deiner Tafel mit unserem Vintage-Geschirr den besonderen Vintage-Flair. Unsere Speiseteller und Kuchengedecke sind originale Vintage-Sch\u00e4tze, die genau aus diesem Grund ihren ganz eigenen Charme verspr\u00fchen. Jedes Tellerchen und T\u00e4sschen ist ein Sammelst\u00fcck und variiert in seiner optischen Ausf\u00fchrung. Vintage-Feeling garantiert!<\/p>\n<p>Bitte beachte, dass es sich hierbei um echtes Vintage-Geschirr handelt und kleine Sch\u00f6nheitsfehler somit nicht auszuschlie\u00dfen sind.<\/p>\n<p>0,75\u20ac pro Speiseteller<\/p>\n<p>1,50\u20ac pro Kuchengedeck<\/p>","protected":false},"featured_media":679,"template":"","meta":{"om_disable_all_campaigns":false,"_monsterinsights_skip_tracking":false,"_monsterinsights_sitenote_active":false,"_monsterinsights_sitenote_note":"","_monsterinsights_sitenote_category":0},"product_brand":[],"product_cat":[39],"product_tag":[],"class_list":{"0":"post-678","1":"product","2":"type-product","3":"status-publish","4":"has-post-thumbnail","6":"product_cat-tischgedeck","8":"first","9":"instock","10":"shipping-taxable","11":"purchasable","12":"product-type-simple"},"aioseo_notices":[],"_links":{"self":[{"href":"https:\/\/tischleinfein.com\/en\/wp-json\/wp\/v2\/product\/678","targetHints":{"allow":["GET"]}}],"collection":[{"href":"https:\/\/tischleinfein.com\/en\/wp-json\/wp\/v2\/product"}],"about":[{"href":"https:\/\/tischleinfein.com\/en\/wp-json\/wp\/v2\/types\/product"}],"version-history":[{"count":1,"href":"https:\/\/tischleinfein.com\/en\/wp-json\/wp\/v2\/product\/678\/revisions"}],"predecessor-version":[{"id":680,"href":"https:\/\/tischleinfein.com\/en\/wp-json\/wp\/v2\/product\/678\/revisions\/680"}],"wp:featuredmedia":[{"embeddable":true,"href":"https:\/\/tischleinfein.com\/en\/wp-json\/wp\/v2\/media\/679"}],"wp:attachment":[{"href":"https:\/\/tischleinfein.com\/en\/wp-json\/wp\/v2\/media?parent=678"}],"wp:term":[{"taxonomy":"product_brand","embeddable":true,"href":"https:\/\/tischleinfein.com\/en\/wp-json\/wp\/v2\/product_brand?post=678"},{"taxonomy":"product_cat","embeddable":true,"href":"https:\/\/tischleinfein.com\/en\/wp-json\/wp\/v2\/product_cat?post=678"},{"taxonomy":"product_tag","embeddable":true,"href":"https:\/\/tischleinfein.com\/en\/wp-json\/wp\/v2\/product_tag?post=678"}],"curies":[{"name":"wp","href":"https:\/\/api.w.org\/{rel}","templated":true}]}}