{"id":684,"date":"2023-10-03T20:00:44","date_gmt":"2023-10-03T20:00:44","guid":{"rendered":"https:\/\/tischleinfein.com\/?post_type=product&#038;p=684"},"modified":"2023-10-25T20:13:36","modified_gmt":"2023-10-25T20:13:36","slug":"boho-sitzgelegenheiten","status":"publish","type":"product","link":"https:\/\/tischleinfein.com\/en\/product\/boho-sitzgelegenheiten\/","title":{"rendered":"Boho-Sitzgelegenheiten"},"content":{"rendered":"","protected":false},"excerpt":{"rendered":"<p>Ob Schaukelstuhl, Papasan-Sessel oder marrokanische Leder-Poufs &#8211; Mit unseren Boho-Sitzgelegenheiten k\u00f6nnen es sich eure G\u00e4ste gem\u00fctlich machen.<\/p>\n<p>2 Papsan-Sessel (gro\u00df und klein), 1 Schaukelstuhl, 2 Leder-Poufs und 2 Rattan-Poufs vorhanden<\/p>\n<p>Preis exklusive Kissen<\/p>","protected":false},"featured_media":688,"template":"","meta":{"om_disable_all_campaigns":false,"_monsterinsights_skip_tracking":false,"_monsterinsights_sitenote_active":false,"_monsterinsights_sitenote_note":"","_monsterinsights_sitenote_category":0},"product_brand":[],"product_cat":[43],"product_tag":[],"class_list":{"0":"post-684","1":"product","2":"type-product","3":"status-publish","4":"has-post-thumbnail","6":"product_cat-mobiliar","8":"first","9":"instock","10":"shipping-taxable","11":"purchasable","12":"product-type-simple"},"aioseo_notices":[],"_links":{"self":[{"href":"https:\/\/tischleinfein.com\/en\/wp-json\/wp\/v2\/product\/684","targetHints":{"allow":["GET"]}}],"collection":[{"href":"https:\/\/tischleinfein.com\/en\/wp-json\/wp\/v2\/product"}],"about":[{"href":"https:\/\/tischleinfein.com\/en\/wp-json\/wp\/v2\/types\/product"}],"version-history":[{"count":3,"href":"https:\/\/tischleinfein.com\/en\/wp-json\/wp\/v2\/product\/684\/revisions"}],"predecessor-version":[{"id":882,"href":"https:\/\/tischleinfein.com\/en\/wp-json\/wp\/v2\/product\/684\/revisions\/882"}],"wp:featuredmedia":[{"embeddable":true,"href":"https:\/\/tischleinfein.com\/en\/wp-json\/wp\/v2\/media\/688"}],"wp:attachment":[{"href":"https:\/\/tischleinfein.com\/en\/wp-json\/wp\/v2\/media?parent=684"}],"wp:term":[{"taxonomy":"product_brand","embeddable":true,"href":"https:\/\/tischleinfein.com\/en\/wp-json\/wp\/v2\/product_brand?post=684"},{"taxonomy":"product_cat","embeddable":true,"href":"https:\/\/tischleinfein.com\/en\/wp-json\/wp\/v2\/product_cat?post=684"},{"taxonomy":"product_tag","embeddable":true,"href":"https:\/\/tischleinfein.com\/en\/wp-json\/wp\/v2\/product_tag?post=684"}],"curies":[{"name":"wp","href":"https:\/\/api.w.org\/{rel}","templated":true}]}}