{"id":695,"date":"2023-10-03T20:02:57","date_gmt":"2023-10-03T20:02:57","guid":{"rendered":"https:\/\/tischleinfein.com\/?post_type=product&#038;p=695"},"modified":"2023-10-25T19:46:38","modified_gmt":"2023-10-25T19:46:38","slug":"traubogen-aurum-3","status":"publish","type":"product","link":"https:\/\/tischleinfein.com\/en\/product\/traubogen-aurum-3\/","title":{"rendered":"Traubogen Aurum"},"content":{"rendered":"","protected":false},"excerpt":{"rendered":"<p>Unser eigens f\u00fcr uns angefertigter Traubogen aus Metall ist das perfekte Highlight f\u00fcr eure Trauung. Egal ob Boho-Stil oder Classic-Shic: Durch seine dezente Bauweise f\u00fcgt er sich perfekt in euren Stil ein.<\/p>\n<p>Gerne best\u00fccken wir den Traubogen gegen Aufpreis mit einem unserer Blumengestecke.<\/p>\n<p>Angegebener Preis exklusive Blumenschmuck<\/p>","protected":false},"featured_media":654,"template":"","meta":{"om_disable_all_campaigns":false,"_monsterinsights_skip_tracking":false,"_monsterinsights_sitenote_active":false,"_monsterinsights_sitenote_note":"","_monsterinsights_sitenote_category":0},"product_brand":[],"product_cat":[45],"product_tag":[],"class_list":{"0":"post-695","1":"product","2":"type-product","3":"status-publish","4":"has-post-thumbnail","6":"product_cat-trauelemente","8":"first","9":"instock","10":"shipping-taxable","11":"purchasable","12":"product-type-simple"},"aioseo_notices":[],"_links":{"self":[{"href":"https:\/\/tischleinfein.com\/en\/wp-json\/wp\/v2\/product\/695","targetHints":{"allow":["GET"]}}],"collection":[{"href":"https:\/\/tischleinfein.com\/en\/wp-json\/wp\/v2\/product"}],"about":[{"href":"https:\/\/tischleinfein.com\/en\/wp-json\/wp\/v2\/types\/product"}],"version-history":[{"count":3,"href":"https:\/\/tischleinfein.com\/en\/wp-json\/wp\/v2\/product\/695\/revisions"}],"predecessor-version":[{"id":872,"href":"https:\/\/tischleinfein.com\/en\/wp-json\/wp\/v2\/product\/695\/revisions\/872"}],"wp:featuredmedia":[{"embeddable":true,"href":"https:\/\/tischleinfein.com\/en\/wp-json\/wp\/v2\/media\/654"}],"wp:attachment":[{"href":"https:\/\/tischleinfein.com\/en\/wp-json\/wp\/v2\/media?parent=695"}],"wp:term":[{"taxonomy":"product_brand","embeddable":true,"href":"https:\/\/tischleinfein.com\/en\/wp-json\/wp\/v2\/product_brand?post=695"},{"taxonomy":"product_cat","embeddable":true,"href":"https:\/\/tischleinfein.com\/en\/wp-json\/wp\/v2\/product_cat?post=695"},{"taxonomy":"product_tag","embeddable":true,"href":"https:\/\/tischleinfein.com\/en\/wp-json\/wp\/v2\/product_tag?post=695"}],"curies":[{"name":"wp","href":"https:\/\/api.w.org\/{rel}","templated":true}]}}