{"id":721,"date":"2023-10-03T20:33:32","date_gmt":"2023-10-03T20:33:32","guid":{"rendered":"https:\/\/tischleinfein.com\/?post_type=product&#038;p=721"},"modified":"2024-06-16T06:47:29","modified_gmt":"2024-06-16T06:47:29","slug":"vase-rosa","status":"publish","type":"product","link":"https:\/\/tischleinfein.com\/en\/product\/vase-rosa\/","title":{"rendered":"Vase Rosa"},"content":{"rendered":"","protected":false},"excerpt":{"rendered":"<p>Absolute Allesk\u00f6nner!<\/p>\n<p>Unsere Glasvasen in unterschiedlichen Formen und Gr\u00f6\u00dfen sind wahre Allrounder und passen sich jedem Dekorationsstil an. Als besonders kleine Vase findet die Vase Rosa immer auch einen Platz auf schmalen Tischen und stimmig eignet sich auch f\u00fcr dezente Stehtisch-Dekorationen.<\/p>\n<p>Ma\u00dfe: H\u00f6he: 7,5cm, Durchmesser der \u00d6ffnung: 2,1cm<\/p>\n<p>Preis exklusive Reinigung<\/p>","protected":false},"featured_media":0,"template":"","meta":{"om_disable_all_campaigns":false,"_monsterinsights_skip_tracking":false,"_monsterinsights_sitenote_active":false,"_monsterinsights_sitenote_note":"","_monsterinsights_sitenote_category":0},"product_brand":[],"product_cat":[63,41],"product_tag":[],"class_list":{"0":"post-721","1":"product","2":"type-product","3":"status-publish","5":"product_cat-tischdekoration-2","6":"product_cat-tischdekoration","8":"first","9":"instock","10":"shipping-taxable","11":"purchasable","12":"product-type-simple"},"aioseo_notices":[],"_links":{"self":[{"href":"https:\/\/tischleinfein.com\/en\/wp-json\/wp\/v2\/product\/721","targetHints":{"allow":["GET"]}}],"collection":[{"href":"https:\/\/tischleinfein.com\/en\/wp-json\/wp\/v2\/product"}],"about":[{"href":"https:\/\/tischleinfein.com\/en\/wp-json\/wp\/v2\/types\/product"}],"version-history":[{"count":3,"href":"https:\/\/tischleinfein.com\/en\/wp-json\/wp\/v2\/product\/721\/revisions"}],"predecessor-version":[{"id":1399,"href":"https:\/\/tischleinfein.com\/en\/wp-json\/wp\/v2\/product\/721\/revisions\/1399"}],"wp:attachment":[{"href":"https:\/\/tischleinfein.com\/en\/wp-json\/wp\/v2\/media?parent=721"}],"wp:term":[{"taxonomy":"product_brand","embeddable":true,"href":"https:\/\/tischleinfein.com\/en\/wp-json\/wp\/v2\/product_brand?post=721"},{"taxonomy":"product_cat","embeddable":true,"href":"https:\/\/tischleinfein.com\/en\/wp-json\/wp\/v2\/product_cat?post=721"},{"taxonomy":"product_tag","embeddable":true,"href":"https:\/\/tischleinfein.com\/en\/wp-json\/wp\/v2\/product_tag?post=721"}],"curies":[{"name":"wp","href":"https:\/\/api.w.org\/{rel}","templated":true}]}}