{"id":723,"date":"2023-10-03T20:35:09","date_gmt":"2023-10-03T20:35:09","guid":{"rendered":"https:\/\/tischleinfein.com\/?post_type=product&#038;p=723"},"modified":"2024-06-16T06:44:54","modified_gmt":"2024-06-16T06:44:54","slug":"vase-olivia","status":"publish","type":"product","link":"https:\/\/tischleinfein.com\/en\/product\/vase-olivia\/","title":{"rendered":"Vase Olivia"},"content":{"rendered":"","protected":false},"excerpt":{"rendered":"<p>Absolute Allesk\u00f6nner!<\/p>\n<p>Unsere Glasvasen in unterschiedlichen Formen und Gr\u00f6\u00dfen sind wahre Allrounder und passen sich jedem Dekorationsstil an. Die Vase Olivia eignet sich dabei vor allem f\u00fcr kleine gebundene Str\u00e4u\u00dfe.<\/p>\n<p>Ma\u00dfe: H\u00f6he: 11cm, Durchmesser der \u00d6ffnung: 4cm<\/p>\n<p>Preis exklusive Reinigung<\/p>","protected":false},"featured_media":0,"template":"","meta":{"om_disable_all_campaigns":false,"_monsterinsights_skip_tracking":false,"_monsterinsights_sitenote_active":false,"_monsterinsights_sitenote_note":"","_monsterinsights_sitenote_category":0},"product_brand":[],"product_cat":[63,41],"product_tag":[],"class_list":{"0":"post-723","1":"product","2":"type-product","3":"status-publish","5":"product_cat-tischdekoration-2","6":"product_cat-tischdekoration","8":"first","9":"instock","10":"shipping-taxable","11":"purchasable","12":"product-type-simple"},"aioseo_notices":[],"_links":{"self":[{"href":"https:\/\/tischleinfein.com\/en\/wp-json\/wp\/v2\/product\/723","targetHints":{"allow":["GET"]}}],"collection":[{"href":"https:\/\/tischleinfein.com\/en\/wp-json\/wp\/v2\/product"}],"about":[{"href":"https:\/\/tischleinfein.com\/en\/wp-json\/wp\/v2\/types\/product"}],"version-history":[{"count":2,"href":"https:\/\/tischleinfein.com\/en\/wp-json\/wp\/v2\/product\/723\/revisions"}],"predecessor-version":[{"id":1398,"href":"https:\/\/tischleinfein.com\/en\/wp-json\/wp\/v2\/product\/723\/revisions\/1398"}],"wp:attachment":[{"href":"https:\/\/tischleinfein.com\/en\/wp-json\/wp\/v2\/media?parent=723"}],"wp:term":[{"taxonomy":"product_brand","embeddable":true,"href":"https:\/\/tischleinfein.com\/en\/wp-json\/wp\/v2\/product_brand?post=723"},{"taxonomy":"product_cat","embeddable":true,"href":"https:\/\/tischleinfein.com\/en\/wp-json\/wp\/v2\/product_cat?post=723"},{"taxonomy":"product_tag","embeddable":true,"href":"https:\/\/tischleinfein.com\/en\/wp-json\/wp\/v2\/product_tag?post=723"}],"curies":[{"name":"wp","href":"https:\/\/api.w.org\/{rel}","templated":true}]}}