{"id":727,"date":"2023-10-03T20:37:51","date_gmt":"2023-10-03T20:37:51","guid":{"rendered":"https:\/\/tischleinfein.com\/?post_type=product&#038;p=727"},"modified":"2024-06-16T06:42:53","modified_gmt":"2024-06-16T06:42:53","slug":"vase-jasmin","status":"publish","type":"product","link":"https:\/\/tischleinfein.com\/en\/product\/vase-jasmin\/","title":{"rendered":"Vase Jasmin"},"content":{"rendered":"","protected":false},"excerpt":{"rendered":"<p>Absolute Allesk\u00f6nner!<\/p>\n<p>Unsere Glasvasen in unterschiedlichen Formen und Gr\u00f6\u00dfen sind wahre Allrounder und passen sich jedem Dekorationsstil an.<\/p>\n<p>Ma\u00dfe: H\u00f6he: 17,5cm, Durchmesser der \u00d6ffnung: 1,5cm<\/p>\n<p>Preis exklusive Reinigung<\/p>","protected":false},"featured_media":853,"template":"","meta":{"om_disable_all_campaigns":false,"_monsterinsights_skip_tracking":false,"_monsterinsights_sitenote_active":false,"_monsterinsights_sitenote_note":"","_monsterinsights_sitenote_category":0},"product_brand":[],"product_cat":[63,41],"product_tag":[],"class_list":{"0":"post-727","1":"product","2":"type-product","3":"status-publish","4":"has-post-thumbnail","6":"product_cat-tischdekoration-2","7":"product_cat-tischdekoration","9":"first","10":"instock","11":"shipping-taxable","12":"purchasable","13":"product-type-simple"},"aioseo_notices":[],"_links":{"self":[{"href":"https:\/\/tischleinfein.com\/en\/wp-json\/wp\/v2\/product\/727","targetHints":{"allow":["GET"]}}],"collection":[{"href":"https:\/\/tischleinfein.com\/en\/wp-json\/wp\/v2\/product"}],"about":[{"href":"https:\/\/tischleinfein.com\/en\/wp-json\/wp\/v2\/types\/product"}],"version-history":[{"count":3,"href":"https:\/\/tischleinfein.com\/en\/wp-json\/wp\/v2\/product\/727\/revisions"}],"predecessor-version":[{"id":1397,"href":"https:\/\/tischleinfein.com\/en\/wp-json\/wp\/v2\/product\/727\/revisions\/1397"}],"wp:featuredmedia":[{"embeddable":true,"href":"https:\/\/tischleinfein.com\/en\/wp-json\/wp\/v2\/media\/853"}],"wp:attachment":[{"href":"https:\/\/tischleinfein.com\/en\/wp-json\/wp\/v2\/media?parent=727"}],"wp:term":[{"taxonomy":"product_brand","embeddable":true,"href":"https:\/\/tischleinfein.com\/en\/wp-json\/wp\/v2\/product_brand?post=727"},{"taxonomy":"product_cat","embeddable":true,"href":"https:\/\/tischleinfein.com\/en\/wp-json\/wp\/v2\/product_cat?post=727"},{"taxonomy":"product_tag","embeddable":true,"href":"https:\/\/tischleinfein.com\/en\/wp-json\/wp\/v2\/product_tag?post=727"}],"curies":[{"name":"wp","href":"https:\/\/api.w.org\/{rel}","templated":true}]}}