{"id":736,"date":"2023-10-03T20:50:47","date_gmt":"2023-10-03T20:50:47","guid":{"rendered":"https:\/\/tischleinfein.com\/?post_type=product&#038;p=736"},"modified":"2024-02-17T10:30:18","modified_gmt":"2024-02-17T10:30:18","slug":"vase-felicia","status":"publish","type":"product","link":"https:\/\/tischleinfein.com\/en\/product\/vase-felicia\/","title":{"rendered":"Vase Felicia"},"content":{"rendered":"","protected":false},"excerpt":{"rendered":"<p>Goldene Glanzst\u00fccke<\/p>\n<p>Unsere Vasen <em>Felicia<\/em> in drei verschiedenen Gr\u00f6\u00dfen \u00fcberzeugen durch ihren goldenen Farbverlauf. Durch ihre weitere Hals\u00f6ffnung bieten sie auch kleineren Str\u00e4u\u00dfen gen\u00fcgend Platz.<\/p>\n<p>mini: 16 St\u00fcck vorhanden<\/p>\n<p>midi: 8 St\u00fcck vorhanden<\/p>\n<p>maxi: 8 St\u00fcck vorhanden<\/p>\n<p>Preis exklusive Reinigung<\/p>","protected":false},"featured_media":854,"template":"","meta":{"om_disable_all_campaigns":false,"_monsterinsights_skip_tracking":false,"_monsterinsights_sitenote_active":false,"_monsterinsights_sitenote_note":"","_monsterinsights_sitenote_category":0},"product_brand":[],"product_cat":[63,41],"product_tag":[],"class_list":{"0":"post-736","1":"product","2":"type-product","3":"status-publish","4":"has-post-thumbnail","6":"product_cat-tischdekoration-2","7":"product_cat-tischdekoration","9":"first","10":"instock","11":"shipping-taxable","12":"purchasable","13":"product-type-simple"},"aioseo_notices":[],"_links":{"self":[{"href":"https:\/\/tischleinfein.com\/en\/wp-json\/wp\/v2\/product\/736","targetHints":{"allow":["GET"]}}],"collection":[{"href":"https:\/\/tischleinfein.com\/en\/wp-json\/wp\/v2\/product"}],"about":[{"href":"https:\/\/tischleinfein.com\/en\/wp-json\/wp\/v2\/types\/product"}],"version-history":[{"count":4,"href":"https:\/\/tischleinfein.com\/en\/wp-json\/wp\/v2\/product\/736\/revisions"}],"predecessor-version":[{"id":869,"href":"https:\/\/tischleinfein.com\/en\/wp-json\/wp\/v2\/product\/736\/revisions\/869"}],"wp:featuredmedia":[{"embeddable":true,"href":"https:\/\/tischleinfein.com\/en\/wp-json\/wp\/v2\/media\/854"}],"wp:attachment":[{"href":"https:\/\/tischleinfein.com\/en\/wp-json\/wp\/v2\/media?parent=736"}],"wp:term":[{"taxonomy":"product_brand","embeddable":true,"href":"https:\/\/tischleinfein.com\/en\/wp-json\/wp\/v2\/product_brand?post=736"},{"taxonomy":"product_cat","embeddable":true,"href":"https:\/\/tischleinfein.com\/en\/wp-json\/wp\/v2\/product_cat?post=736"},{"taxonomy":"product_tag","embeddable":true,"href":"https:\/\/tischleinfein.com\/en\/wp-json\/wp\/v2\/product_tag?post=736"}],"curies":[{"name":"wp","href":"https:\/\/api.w.org\/{rel}","templated":true}]}}