{"id":771,"date":"2023-10-04T08:14:48","date_gmt":"2023-10-04T08:14:48","guid":{"rendered":"https:\/\/tischleinfein.com\/?post_type=product&#038;p=771"},"modified":"2024-02-15T16:34:15","modified_gmt":"2024-02-15T16:34:15","slug":"kartenbox","status":"publish","type":"product","link":"https:\/\/tischleinfein.com\/en\/product\/kartenbox\/","title":{"rendered":"Kartenbox"},"content":{"rendered":"","protected":false},"excerpt":{"rendered":"<p>Unsere abschlie\u00dfbare Kartenbox bietet einen sicheren Ort f\u00fcr die lieben Worte und Gesten eurer G\u00e4ste.<\/p>","protected":false},"featured_media":1049,"template":"","meta":{"om_disable_all_campaigns":false,"_monsterinsights_skip_tracking":false,"_monsterinsights_sitenote_active":false,"_monsterinsights_sitenote_note":"","_monsterinsights_sitenote_category":0},"product_brand":[],"product_cat":[44],"product_tag":[],"class_list":{"0":"post-771","1":"product","2":"type-product","3":"status-publish","4":"has-post-thumbnail","6":"product_cat-dekorationselemente","8":"first","9":"instock","10":"shipping-taxable","11":"purchasable","12":"product-type-simple"},"aioseo_notices":[],"_links":{"self":[{"href":"https:\/\/tischleinfein.com\/en\/wp-json\/wp\/v2\/product\/771","targetHints":{"allow":["GET"]}}],"collection":[{"href":"https:\/\/tischleinfein.com\/en\/wp-json\/wp\/v2\/product"}],"about":[{"href":"https:\/\/tischleinfein.com\/en\/wp-json\/wp\/v2\/types\/product"}],"version-history":[{"count":1,"href":"https:\/\/tischleinfein.com\/en\/wp-json\/wp\/v2\/product\/771\/revisions"}],"predecessor-version":[{"id":773,"href":"https:\/\/tischleinfein.com\/en\/wp-json\/wp\/v2\/product\/771\/revisions\/773"}],"wp:featuredmedia":[{"embeddable":true,"href":"https:\/\/tischleinfein.com\/en\/wp-json\/wp\/v2\/media\/1049"}],"wp:attachment":[{"href":"https:\/\/tischleinfein.com\/en\/wp-json\/wp\/v2\/media?parent=771"}],"wp:term":[{"taxonomy":"product_brand","embeddable":true,"href":"https:\/\/tischleinfein.com\/en\/wp-json\/wp\/v2\/product_brand?post=771"},{"taxonomy":"product_cat","embeddable":true,"href":"https:\/\/tischleinfein.com\/en\/wp-json\/wp\/v2\/product_cat?post=771"},{"taxonomy":"product_tag","embeddable":true,"href":"https:\/\/tischleinfein.com\/en\/wp-json\/wp\/v2\/product_tag?post=771"}],"curies":[{"name":"wp","href":"https:\/\/api.w.org\/{rel}","templated":true}]}}