{"id":779,"date":"2023-10-04T08:21:14","date_gmt":"2023-10-04T08:21:14","guid":{"rendered":"https:\/\/tischleinfein.com\/?post_type=product&#038;p=779"},"modified":"2024-02-17T10:28:53","modified_gmt":"2024-02-17T10:28:53","slug":"kartenhalter-marmor","status":"publish","type":"product","link":"https:\/\/tischleinfein.com\/en\/product\/kartenhalter-marmor\/","title":{"rendered":"Kartenhalter Marmor"},"content":{"rendered":"","protected":false},"excerpt":{"rendered":"<p>Unsere Kartenhalter aus wei\u00dfem Marmor bieten euren Men\u00fc- oder Getr\u00e4nkekarten einen festen Platz.<\/p>","protected":false},"featured_media":778,"template":"","meta":{"om_disable_all_campaigns":false,"_monsterinsights_skip_tracking":false,"_monsterinsights_sitenote_active":false,"_monsterinsights_sitenote_note":"","_monsterinsights_sitenote_category":0},"product_brand":[],"product_cat":[63,42],"product_tag":[],"class_list":{"0":"post-779","1":"product","2":"type-product","3":"status-publish","4":"has-post-thumbnail","6":"product_cat-tischdekoration-2","7":"product_cat-tischordnung","9":"first","10":"instock","11":"shipping-taxable","12":"purchasable","13":"product-type-simple"},"aioseo_notices":[],"_links":{"self":[{"href":"https:\/\/tischleinfein.com\/en\/wp-json\/wp\/v2\/product\/779","targetHints":{"allow":["GET"]}}],"collection":[{"href":"https:\/\/tischleinfein.com\/en\/wp-json\/wp\/v2\/product"}],"about":[{"href":"https:\/\/tischleinfein.com\/en\/wp-json\/wp\/v2\/types\/product"}],"version-history":[{"count":1,"href":"https:\/\/tischleinfein.com\/en\/wp-json\/wp\/v2\/product\/779\/revisions"}],"predecessor-version":[{"id":780,"href":"https:\/\/tischleinfein.com\/en\/wp-json\/wp\/v2\/product\/779\/revisions\/780"}],"wp:featuredmedia":[{"embeddable":true,"href":"https:\/\/tischleinfein.com\/en\/wp-json\/wp\/v2\/media\/778"}],"wp:attachment":[{"href":"https:\/\/tischleinfein.com\/en\/wp-json\/wp\/v2\/media?parent=779"}],"wp:term":[{"taxonomy":"product_brand","embeddable":true,"href":"https:\/\/tischleinfein.com\/en\/wp-json\/wp\/v2\/product_brand?post=779"},{"taxonomy":"product_cat","embeddable":true,"href":"https:\/\/tischleinfein.com\/en\/wp-json\/wp\/v2\/product_cat?post=779"},{"taxonomy":"product_tag","embeddable":true,"href":"https:\/\/tischleinfein.com\/en\/wp-json\/wp\/v2\/product_tag?post=779"}],"curies":[{"name":"wp","href":"https:\/\/api.w.org\/{rel}","templated":true}]}}