{"id":784,"date":"2023-10-04T08:30:44","date_gmt":"2023-10-04T08:30:44","guid":{"rendered":"https:\/\/tischleinfein.com\/?post_type=product&#038;p=784"},"modified":"2024-02-17T10:28:44","modified_gmt":"2024-02-17T10:28:44","slug":"kerzenstaender-lucerna","status":"publish","type":"product","link":"https:\/\/tischleinfein.com\/en\/product\/kerzenstaender-lucerna\/","title":{"rendered":"Kerzenst\u00e4nder Lucerna"},"content":{"rendered":"","protected":false},"excerpt":{"rendered":"<p>Clean, cleaner, Lucerna &#8211;<\/p>\n<p>Unsere minimalistischen Kerzenhalter Lucerna h\u00fcllen eure Tische in schickes Licht, ohne dabei aufdringlich zu sein oder viel Raum einzunehmen. Die Kerzenst\u00e4nder sind in vier verschiedenen H\u00f6hen verf\u00fcgbar, die miteinander kombiniert ein stimmiges Bild ergeben<\/p>\n<p>Preis exklusive Kerzen und Reinigung<\/p>","protected":false},"featured_media":785,"template":"","meta":{"om_disable_all_campaigns":false,"_monsterinsights_skip_tracking":false,"_monsterinsights_sitenote_active":false,"_monsterinsights_sitenote_note":"","_monsterinsights_sitenote_category":0},"product_brand":[],"product_cat":[62,63],"product_tag":[],"class_list":{"0":"post-784","1":"product","2":"type-product","3":"status-publish","4":"has-post-thumbnail","6":"product_cat-kerzenglaeser-und-staender","7":"product_cat-tischdekoration-2","9":"first","10":"instock","11":"shipping-taxable","12":"purchasable","13":"product-type-simple"},"aioseo_notices":[],"_links":{"self":[{"href":"https:\/\/tischleinfein.com\/en\/wp-json\/wp\/v2\/product\/784","targetHints":{"allow":["GET"]}}],"collection":[{"href":"https:\/\/tischleinfein.com\/en\/wp-json\/wp\/v2\/product"}],"about":[{"href":"https:\/\/tischleinfein.com\/en\/wp-json\/wp\/v2\/types\/product"}],"version-history":[{"count":1,"href":"https:\/\/tischleinfein.com\/en\/wp-json\/wp\/v2\/product\/784\/revisions"}],"predecessor-version":[{"id":797,"href":"https:\/\/tischleinfein.com\/en\/wp-json\/wp\/v2\/product\/784\/revisions\/797"}],"wp:featuredmedia":[{"embeddable":true,"href":"https:\/\/tischleinfein.com\/en\/wp-json\/wp\/v2\/media\/785"}],"wp:attachment":[{"href":"https:\/\/tischleinfein.com\/en\/wp-json\/wp\/v2\/media?parent=784"}],"wp:term":[{"taxonomy":"product_brand","embeddable":true,"href":"https:\/\/tischleinfein.com\/en\/wp-json\/wp\/v2\/product_brand?post=784"},{"taxonomy":"product_cat","embeddable":true,"href":"https:\/\/tischleinfein.com\/en\/wp-json\/wp\/v2\/product_cat?post=784"},{"taxonomy":"product_tag","embeddable":true,"href":"https:\/\/tischleinfein.com\/en\/wp-json\/wp\/v2\/product_tag?post=784"}],"curies":[{"name":"wp","href":"https:\/\/api.w.org\/{rel}","templated":true}]}}