{"id":803,"date":"2023-10-04T08:48:48","date_gmt":"2023-10-04T08:48:48","guid":{"rendered":"https:\/\/tischleinfein.com\/?post_type=product&#038;p=803"},"modified":"2024-02-17T10:28:22","modified_gmt":"2024-02-17T10:28:22","slug":"kerzenstaender-antik","status":"publish","type":"product","link":"https:\/\/tischleinfein.com\/en\/product\/kerzenstaender-antik\/","title":{"rendered":"Kerzenst\u00e4nder Antik"},"content":{"rendered":"","protected":false},"excerpt":{"rendered":"<p>Stimmungsvolle Vintage-Leuchten &#8211;<\/p>\n<p>Unsere goldenen Messing-Kerzenst\u00e4nder sind originale Sammelst\u00fccke und lassen eure Tische genau aus diesem Grund in einem besonderen Licht erstrahlen. Die Kerzenst\u00e4nder variieren in ihrer optischen Ausf\u00fchrung.<\/p>\n<p>Bitte beachte, dass es sich hierbei um echte Vintage-Kerzenst\u00e4nder handelt und kleine Sch\u00f6nheitsfehler somit nicht auszuschlie\u00dfen sind.<\/p>\n<p>Preis exklusive Kerzen und Reinigung<\/p>","protected":false},"featured_media":804,"template":"","meta":{"om_disable_all_campaigns":false,"_monsterinsights_skip_tracking":false,"_monsterinsights_sitenote_active":false,"_monsterinsights_sitenote_note":"","_monsterinsights_sitenote_category":0},"product_brand":[],"product_cat":[62,63],"product_tag":[],"class_list":{"0":"post-803","1":"product","2":"type-product","3":"status-publish","4":"has-post-thumbnail","6":"product_cat-kerzenglaeser-und-staender","7":"product_cat-tischdekoration-2","9":"first","10":"instock","11":"shipping-taxable","12":"purchasable","13":"product-type-simple"},"aioseo_notices":[],"_links":{"self":[{"href":"https:\/\/tischleinfein.com\/en\/wp-json\/wp\/v2\/product\/803","targetHints":{"allow":["GET"]}}],"collection":[{"href":"https:\/\/tischleinfein.com\/en\/wp-json\/wp\/v2\/product"}],"about":[{"href":"https:\/\/tischleinfein.com\/en\/wp-json\/wp\/v2\/types\/product"}],"version-history":[{"count":3,"href":"https:\/\/tischleinfein.com\/en\/wp-json\/wp\/v2\/product\/803\/revisions"}],"predecessor-version":[{"id":889,"href":"https:\/\/tischleinfein.com\/en\/wp-json\/wp\/v2\/product\/803\/revisions\/889"}],"wp:featuredmedia":[{"embeddable":true,"href":"https:\/\/tischleinfein.com\/en\/wp-json\/wp\/v2\/media\/804"}],"wp:attachment":[{"href":"https:\/\/tischleinfein.com\/en\/wp-json\/wp\/v2\/media?parent=803"}],"wp:term":[{"taxonomy":"product_brand","embeddable":true,"href":"https:\/\/tischleinfein.com\/en\/wp-json\/wp\/v2\/product_brand?post=803"},{"taxonomy":"product_cat","embeddable":true,"href":"https:\/\/tischleinfein.com\/en\/wp-json\/wp\/v2\/product_cat?post=803"},{"taxonomy":"product_tag","embeddable":true,"href":"https:\/\/tischleinfein.com\/en\/wp-json\/wp\/v2\/product_tag?post=803"}],"curies":[{"name":"wp","href":"https:\/\/api.w.org\/{rel}","templated":true}]}}