{"id":806,"date":"2023-10-04T08:50:55","date_gmt":"2023-10-04T08:50:55","guid":{"rendered":"https:\/\/tischleinfein.com\/?post_type=product&#038;p=806"},"modified":"2024-02-17T10:28:14","modified_gmt":"2024-02-17T10:28:14","slug":"kerzenstaender-aurum","status":"publish","type":"product","link":"https:\/\/tischleinfein.com\/en\/product\/kerzenstaender-aurum\/","title":{"rendered":"Kerzenst\u00e4nder Aurum"},"content":{"rendered":"","protected":false},"excerpt":{"rendered":"<p>Minimalistisches und modernes Must-Have &#8211;<\/p>\n<p>In unterschiedlichen H\u00f6hen kombinierbar \u00fcberzeugen unsere goldenen Kerzenst\u00e4nder durch ihr elegantes und cleanes Aussehen. Von Industrial Design-Konzepten \u00fcber Shabby Chic hin zu Boho-Arrangements f\u00fcgen sie sich in die verschiedensten Dekorationskonzepte ein und sind deshalb absolute Universaltalente.<\/p>\n<p>In drei unterschiedlichen H\u00f6hen verf\u00fcgbar<\/p>\n<p>Preis exklusive Kerzen und Reinigung<\/p>","protected":false},"featured_media":631,"template":"","meta":{"om_disable_all_campaigns":false,"_monsterinsights_skip_tracking":false,"_monsterinsights_sitenote_active":false,"_monsterinsights_sitenote_note":"","_monsterinsights_sitenote_category":0},"product_brand":[],"product_cat":[62,63],"product_tag":[],"class_list":{"0":"post-806","1":"product","2":"type-product","3":"status-publish","4":"has-post-thumbnail","6":"product_cat-kerzenglaeser-und-staender","7":"product_cat-tischdekoration-2","9":"first","10":"instock","11":"shipping-taxable","12":"purchasable","13":"product-type-simple"},"aioseo_notices":[],"_links":{"self":[{"href":"https:\/\/tischleinfein.com\/en\/wp-json\/wp\/v2\/product\/806","targetHints":{"allow":["GET"]}}],"collection":[{"href":"https:\/\/tischleinfein.com\/en\/wp-json\/wp\/v2\/product"}],"about":[{"href":"https:\/\/tischleinfein.com\/en\/wp-json\/wp\/v2\/types\/product"}],"version-history":[{"count":2,"href":"https:\/\/tischleinfein.com\/en\/wp-json\/wp\/v2\/product\/806\/revisions"}],"predecessor-version":[{"id":890,"href":"https:\/\/tischleinfein.com\/en\/wp-json\/wp\/v2\/product\/806\/revisions\/890"}],"wp:featuredmedia":[{"embeddable":true,"href":"https:\/\/tischleinfein.com\/en\/wp-json\/wp\/v2\/media\/631"}],"wp:attachment":[{"href":"https:\/\/tischleinfein.com\/en\/wp-json\/wp\/v2\/media?parent=806"}],"wp:term":[{"taxonomy":"product_brand","embeddable":true,"href":"https:\/\/tischleinfein.com\/en\/wp-json\/wp\/v2\/product_brand?post=806"},{"taxonomy":"product_cat","embeddable":true,"href":"https:\/\/tischleinfein.com\/en\/wp-json\/wp\/v2\/product_cat?post=806"},{"taxonomy":"product_tag","embeddable":true,"href":"https:\/\/tischleinfein.com\/en\/wp-json\/wp\/v2\/product_tag?post=806"}],"curies":[{"name":"wp","href":"https:\/\/api.w.org\/{rel}","templated":true}]}}