{"id":809,"date":"2023-10-04T08:55:17","date_gmt":"2023-10-04T08:55:17","guid":{"rendered":"https:\/\/tischleinfein.com\/?post_type=product&#038;p=809"},"modified":"2024-02-17T10:28:04","modified_gmt":"2024-02-17T10:28:04","slug":"blumentopf-fauna","status":"publish","type":"product","link":"https:\/\/tischleinfein.com\/en\/product\/blumentopf-fauna\/","title":{"rendered":"Blumentopf Fauna"},"content":{"rendered":"","protected":false},"excerpt":{"rendered":"<p>Schnittblumen waren gestern &#8211;<\/p>\n<p>Mit unseren schicken Blument\u00f6pfen machen auch Topfpflanzen eine gute Figur. Gro\u00dfer Pluspunkt in Sachen Nachhaltigkeit: Mit den Topfpflanzen k\u00f6nnt ihr im Anschluss an eure Feier euren G\u00e4sten eine Freude bereiten. So spart ihr euch Gastgeschenke und hinterlasst einen positiven Beitrag im Sinne einer <em>Green Wedding<\/em>.<\/p>\n<p>Preis exklusive Pflanze und Reinigung<\/p>","protected":false},"featured_media":560,"template":"","meta":{"om_disable_all_campaigns":false,"_monsterinsights_skip_tracking":false,"_monsterinsights_sitenote_active":false,"_monsterinsights_sitenote_note":"","_monsterinsights_sitenote_category":0},"product_brand":[],"product_cat":[47,63,41],"product_tag":[],"class_list":{"0":"post-809","1":"product","2":"type-product","3":"status-publish","4":"has-post-thumbnail","6":"product_cat-florales","7":"product_cat-tischdekoration-2","8":"product_cat-tischdekoration","10":"first","11":"instock","12":"shipping-taxable","13":"purchasable","14":"product-type-simple"},"aioseo_notices":[],"_links":{"self":[{"href":"https:\/\/tischleinfein.com\/en\/wp-json\/wp\/v2\/product\/809","targetHints":{"allow":["GET"]}}],"collection":[{"href":"https:\/\/tischleinfein.com\/en\/wp-json\/wp\/v2\/product"}],"about":[{"href":"https:\/\/tischleinfein.com\/en\/wp-json\/wp\/v2\/types\/product"}],"version-history":[{"count":2,"href":"https:\/\/tischleinfein.com\/en\/wp-json\/wp\/v2\/product\/809\/revisions"}],"predecessor-version":[{"id":863,"href":"https:\/\/tischleinfein.com\/en\/wp-json\/wp\/v2\/product\/809\/revisions\/863"}],"wp:featuredmedia":[{"embeddable":true,"href":"https:\/\/tischleinfein.com\/en\/wp-json\/wp\/v2\/media\/560"}],"wp:attachment":[{"href":"https:\/\/tischleinfein.com\/en\/wp-json\/wp\/v2\/media?parent=809"}],"wp:term":[{"taxonomy":"product_brand","embeddable":true,"href":"https:\/\/tischleinfein.com\/en\/wp-json\/wp\/v2\/product_brand?post=809"},{"taxonomy":"product_cat","embeddable":true,"href":"https:\/\/tischleinfein.com\/en\/wp-json\/wp\/v2\/product_cat?post=809"},{"taxonomy":"product_tag","embeddable":true,"href":"https:\/\/tischleinfein.com\/en\/wp-json\/wp\/v2\/product_tag?post=809"}],"curies":[{"name":"wp","href":"https:\/\/api.w.org\/{rel}","templated":true}]}}