{"id":812,"date":"2023-10-04T09:01:53","date_gmt":"2023-10-04T09:01:53","guid":{"rendered":"https:\/\/tischleinfein.com\/?post_type=product&#038;p=812"},"modified":"2023-10-25T19:19:53","modified_gmt":"2023-10-25T19:19:53","slug":"getraenkebar-antik","status":"publish","type":"product","link":"https:\/\/tischleinfein.com\/en\/product\/getraenkebar-antik\/","title":{"rendered":"Vintage-Kommode"},"content":{"rendered":"","protected":false},"excerpt":{"rendered":"<p>Vielfach einsetzbar kann unsere Holzkommode als Getr\u00e4nkebar, Candy Bar oder als Foto-\/ G\u00e4stebuchecke genutzt werden. Durch ihre gro\u00dfen Schubladen bietet sie unter anderem Platz zum Verstauen von Schnaps- oder Longdrink-Gl\u00e4sern, Getr\u00e4nkespendern oder Schnapsflaschen.<\/p>","protected":false},"featured_media":816,"template":"","meta":{"om_disable_all_campaigns":false,"_monsterinsights_skip_tracking":false,"_monsterinsights_sitenote_active":false,"_monsterinsights_sitenote_note":"","_monsterinsights_sitenote_category":0},"product_brand":[],"product_cat":[43],"product_tag":[],"class_list":{"0":"post-812","1":"product","2":"type-product","3":"status-publish","4":"has-post-thumbnail","6":"product_cat-mobiliar","8":"first","9":"instock","10":"shipping-taxable","11":"purchasable","12":"product-type-simple"},"aioseo_notices":[],"_links":{"self":[{"href":"https:\/\/tischleinfein.com\/en\/wp-json\/wp\/v2\/product\/812","targetHints":{"allow":["GET"]}}],"collection":[{"href":"https:\/\/tischleinfein.com\/en\/wp-json\/wp\/v2\/product"}],"about":[{"href":"https:\/\/tischleinfein.com\/en\/wp-json\/wp\/v2\/types\/product"}],"version-history":[{"count":3,"href":"https:\/\/tischleinfein.com\/en\/wp-json\/wp\/v2\/product\/812\/revisions"}],"predecessor-version":[{"id":830,"href":"https:\/\/tischleinfein.com\/en\/wp-json\/wp\/v2\/product\/812\/revisions\/830"}],"wp:featuredmedia":[{"embeddable":true,"href":"https:\/\/tischleinfein.com\/en\/wp-json\/wp\/v2\/media\/816"}],"wp:attachment":[{"href":"https:\/\/tischleinfein.com\/en\/wp-json\/wp\/v2\/media?parent=812"}],"wp:term":[{"taxonomy":"product_brand","embeddable":true,"href":"https:\/\/tischleinfein.com\/en\/wp-json\/wp\/v2\/product_brand?post=812"},{"taxonomy":"product_cat","embeddable":true,"href":"https:\/\/tischleinfein.com\/en\/wp-json\/wp\/v2\/product_cat?post=812"},{"taxonomy":"product_tag","embeddable":true,"href":"https:\/\/tischleinfein.com\/en\/wp-json\/wp\/v2\/product_tag?post=812"}],"curies":[{"name":"wp","href":"https:\/\/api.w.org\/{rel}","templated":true}]}}