{"id":818,"date":"2023-10-04T09:02:52","date_gmt":"2023-10-04T09:02:52","guid":{"rendered":"https:\/\/tischleinfein.com\/?post_type=product&#038;p=818"},"modified":"2023-10-04T09:02:52","modified_gmt":"2023-10-04T09:02:52","slug":"getraenkebar-bianco","status":"publish","type":"product","link":"https:\/\/tischleinfein.com\/en\/product\/getraenkebar-bianco\/","title":{"rendered":"Getr\u00e4nkebar Bianco"},"content":{"rendered":"","protected":false},"excerpt":{"rendered":"<p>Vielfach einsetzbar kann unser Sekret\u00e4r als Getr\u00e4nkebar, Candy Bar oder als Foto-\/ G\u00e4stebuchecke genutzt werden. Mit seinen F\u00e4chern f\u00fcr kleine Details bietet er ausreichend Stauraum f\u00fcr euer Hochzeitsequipment.<\/p>","protected":false},"featured_media":0,"template":"","meta":{"om_disable_all_campaigns":false,"_monsterinsights_skip_tracking":false,"_monsterinsights_sitenote_active":false,"_monsterinsights_sitenote_note":"","_monsterinsights_sitenote_category":0},"product_brand":[],"product_cat":[43],"product_tag":[],"class_list":{"0":"post-818","1":"product","2":"type-product","3":"status-publish","5":"product_cat-mobiliar","7":"first","8":"instock","9":"shipping-taxable","10":"purchasable","11":"product-type-simple"},"aioseo_notices":[],"_links":{"self":[{"href":"https:\/\/tischleinfein.com\/en\/wp-json\/wp\/v2\/product\/818","targetHints":{"allow":["GET"]}}],"collection":[{"href":"https:\/\/tischleinfein.com\/en\/wp-json\/wp\/v2\/product"}],"about":[{"href":"https:\/\/tischleinfein.com\/en\/wp-json\/wp\/v2\/types\/product"}],"version-history":[{"count":1,"href":"https:\/\/tischleinfein.com\/en\/wp-json\/wp\/v2\/product\/818\/revisions"}],"predecessor-version":[{"id":819,"href":"https:\/\/tischleinfein.com\/en\/wp-json\/wp\/v2\/product\/818\/revisions\/819"}],"wp:attachment":[{"href":"https:\/\/tischleinfein.com\/en\/wp-json\/wp\/v2\/media?parent=818"}],"wp:term":[{"taxonomy":"product_brand","embeddable":true,"href":"https:\/\/tischleinfein.com\/en\/wp-json\/wp\/v2\/product_brand?post=818"},{"taxonomy":"product_cat","embeddable":true,"href":"https:\/\/tischleinfein.com\/en\/wp-json\/wp\/v2\/product_cat?post=818"},{"taxonomy":"product_tag","embeddable":true,"href":"https:\/\/tischleinfein.com\/en\/wp-json\/wp\/v2\/product_tag?post=818"}],"curies":[{"name":"wp","href":"https:\/\/api.w.org\/{rel}","templated":true}]}}