{"id":857,"date":"2023-10-25T19:11:58","date_gmt":"2023-10-25T19:11:58","guid":{"rendered":"https:\/\/tischleinfein.com\/?post_type=product&#038;p=857"},"modified":"2024-06-16T06:41:00","modified_gmt":"2024-06-16T06:41:00","slug":"makramee-vasen","status":"publish","type":"product","link":"https:\/\/tischleinfein.com\/en\/product\/makramee-vasen\/","title":{"rendered":"Makramee-Vasen"},"content":{"rendered":"","protected":false},"excerpt":{"rendered":"<p>Unsere Makramee-Vasen in gro\u00df und klein eignen sich hervorragend als Vasen an euren Traust\u00fchlen, auf dem Altar oder neben eurem Traubogen. Auch als Lichtquelle in eurer Location sind sie als Dekoelemente absolute Hingucker. Die Vasen passen perfekt zu unserem Holztraubogen mit Makramee-Vorhang oder unseren Makramee-Stuhlhussen.<\/p>\n<p>Ma\u00dfe:<\/p>\n<p>gro\u00df: H\u00f6he: 29cm, Durchmesser der \u00d6ffnung: 13cm\u00a0 \/\u00a0 klein: H\u00f6he 18,5cm, Durchmesser der \u00d6ffnung: 9cm<\/p>\n<p>Preis exklusive Reinigung<\/p>","protected":false},"featured_media":858,"template":"","meta":{"om_disable_all_campaigns":false,"_monsterinsights_skip_tracking":false,"_monsterinsights_sitenote_active":false,"_monsterinsights_sitenote_note":"","_monsterinsights_sitenote_category":0},"product_brand":[],"product_cat":[44,45,41],"product_tag":[],"class_list":{"0":"post-857","1":"product","2":"type-product","3":"status-publish","4":"has-post-thumbnail","6":"product_cat-dekorationselemente","7":"product_cat-trauelemente","8":"product_cat-tischdekoration","10":"first","11":"instock","12":"shipping-taxable","13":"purchasable","14":"product-type-simple"},"aioseo_notices":[],"_links":{"self":[{"href":"https:\/\/tischleinfein.com\/en\/wp-json\/wp\/v2\/product\/857","targetHints":{"allow":["GET"]}}],"collection":[{"href":"https:\/\/tischleinfein.com\/en\/wp-json\/wp\/v2\/product"}],"about":[{"href":"https:\/\/tischleinfein.com\/en\/wp-json\/wp\/v2\/types\/product"}],"version-history":[{"count":3,"href":"https:\/\/tischleinfein.com\/en\/wp-json\/wp\/v2\/product\/857\/revisions"}],"predecessor-version":[{"id":1396,"href":"https:\/\/tischleinfein.com\/en\/wp-json\/wp\/v2\/product\/857\/revisions\/1396"}],"wp:featuredmedia":[{"embeddable":true,"href":"https:\/\/tischleinfein.com\/en\/wp-json\/wp\/v2\/media\/858"}],"wp:attachment":[{"href":"https:\/\/tischleinfein.com\/en\/wp-json\/wp\/v2\/media?parent=857"}],"wp:term":[{"taxonomy":"product_brand","embeddable":true,"href":"https:\/\/tischleinfein.com\/en\/wp-json\/wp\/v2\/product_brand?post=857"},{"taxonomy":"product_cat","embeddable":true,"href":"https:\/\/tischleinfein.com\/en\/wp-json\/wp\/v2\/product_cat?post=857"},{"taxonomy":"product_tag","embeddable":true,"href":"https:\/\/tischleinfein.com\/en\/wp-json\/wp\/v2\/product_tag?post=857"}],"curies":[{"name":"wp","href":"https:\/\/api.w.org\/{rel}","templated":true}]}}